{"id":1378780,"date":"2012-03-03T01:47:30","date_gmt":"2012-03-02T23:47:30","guid":{"rendered":"https:\/\/new.balduera.lt\/bedroom-furniture\/beds\/"},"modified":"2012-03-03T01:47:30","modified_gmt":"2012-03-02T23:47:30","slug":"beds","status":"publish","type":"page","link":"https:\/\/balduera.lt\/en\/beds\/","title":{"rendered":"Beds"},"content":{"rendered":"<table border=\"0\">\n<tbody>\n<tr>\n<td>\n<p style=\"text-align: justify;\"><strong>The bedroom is a special place in your home<\/strong>. It&#8217;s where we spend a lot of time. It is therefore very important what kind of environment and bed you sleep in, whether the furniture is comfortably arranged, and whether there is enough space to store your belongings and bedding.  <\/p>\n<p style=\"text-align: justify;\">We are ready to help you with <a href=\"https:\/\/new.balduera.lt\/virtuves-baldai-2\/virtuves-baldu-gamyba\/\">furniture production<\/a> and installation. We will produce furniture that is functional and original without overloading the interior. <\/p>\n<p style=\"text-align: justify;\"><strong>The bed is the most important piece of furniture in the bedroom<\/strong>. Only after a good night&#8217;s rest and a comfortable night&#8217;s sleep will you be invigorated and energetic throughout the day. <\/p>\n<p style=\"text-align: justify;\">Therefore, pay attention to which bed you should choose.  <br \/><strong>An optimal bed should be around 200-210 cm long<\/strong>, a single bed should be at least 80 cm wide and a double bed should start at 140 cm wide. The height of the bed should be 40-45 cm. Equally important is the <strong>choice of a good and comfortable mattress<\/strong>.  <\/p>\n<p style=\"text-align: justify;\">Our designers will help you <a href=\"https:\/\/new.balduera.lt\/virtuves-baldai-2\/virtuves-baldu-projektavimas\/\">design<\/a> cosy bedroom furniture. If you&#8217;ve seen furniture in catalogues or on <a href=\"https:\/\/new.balduera.lt\/baldai-internetu\/\">the internet<\/a> and you&#8217;re looking for someone to make it for you, <strong>give us a call and we&#8217;ll make your furniture from a picture a reality<\/strong>. <\/p>\n<\/td>\n<td><a href=\"https:\/\/new.balduera.lt\/wp-content\/uploads\/2012\/03\/Miegamojo-Lovos-Vilniuje-pagal-uzsakyma.jpg\"><img loading=\"lazy\" decoding=\"async\" class=\"alignnone size-medium wp-image-2988\" title=\"Bedroom Beds in Vilnius on request\" src=\"https:\/\/new.balduera.lt\/wp-content\/uploads\/2012\/03\/Miegamojo-Lovos-Vilniuje-pagal-uzsakyma-500x295.jpg\" alt=\"\" width=\"500\" height=\"295\"><\/a><\/td>\n<\/tr>\n<\/tbody>\n<\/table>\n<p>[nggallery id=&#8221;56&#8243;]<\/p>\n","protected":false},"excerpt":{"rendered":"<p>The bedroom is a special place in your home. It&#8217;s where we spend a lot of time. It is therefore very important what kind of environment and bed you sleep in, whether the furniture is comfortably arranged, and whether there is enough space to store your belongings and bedding. We are ready to help you [&hellip;]<\/p>\n","protected":false},"author":1,"featured_media":0,"parent":0,"menu_order":1,"comment_status":"closed","ping_status":"open","template":"","meta":{"_et_pb_use_builder":"","_et_pb_old_content":"","_et_gb_content_width":"","footnotes":""},"class_list":["post-1378780","page","type-page","status-publish","hentry"],"yoast_head":"<!-- This site is optimized with the Yoast SEO plugin v27.5 - https:\/\/yoast.com\/product\/yoast-seo-wordpress\/ -->\n<title>Beds - Nestandartini\u0173 bald\u0173 gamyba Vilniuje | Virtuv\u0117s | Spintos<\/title>\n<meta name=\"robots\" content=\"index, follow, max-snippet:-1, max-image-preview:large, max-video-preview:-1\" \/>\n<link rel=\"canonical\" href=\"https:\/\/balduera.lt\/en\/beds\/\" \/>\n<meta property=\"og:locale\" content=\"en_US\" \/>\n<meta property=\"og:type\" content=\"article\" \/>\n<meta property=\"og:title\" content=\"Beds - Nestandartini\u0173 bald\u0173 gamyba Vilniuje | Virtuv\u0117s | Spintos\" \/>\n<meta property=\"og:description\" content=\"The bedroom is a special place in your home. It&#8217;s where we spend a lot of time. It is therefore very important what kind of environment and bed you sleep in, whether the furniture is comfortably arranged, and whether there is enough space to store your belongings and bedding. We are ready to help you [&hellip;]\" \/>\n<meta property=\"og:url\" content=\"https:\/\/balduera.lt\/en\/beds\/\" \/>\n<meta property=\"og:site_name\" content=\"Nestandartini\u0173 bald\u0173 gamyba Vilniuje | Virtuv\u0117s | Spintos\" \/>\n<meta property=\"og:image\" content=\"https:\/\/new.balduera.lt\/wp-content\/uploads\/2012\/03\/Miegamojo-Lovos-Vilniuje-pagal-uzsakyma-500x295.jpg\" \/>\n<meta name=\"twitter:card\" content=\"summary_large_image\" \/>\n<meta name=\"twitter:label1\" content=\"Est. reading time\" \/>\n\t<meta name=\"twitter:data1\" content=\"1 minute\" \/>\n<script type=\"application\/ld+json\" class=\"yoast-schema-graph\">{\"@context\":\"https:\\\/\\\/schema.org\",\"@graph\":[{\"@type\":\"WebPage\",\"@id\":\"https:\\\/\\\/balduera.lt\\\/en\\\/beds\\\/\",\"url\":\"https:\\\/\\\/balduera.lt\\\/en\\\/beds\\\/\",\"name\":\"Beds - Nestandartini\u0173 bald\u0173 gamyba Vilniuje | Virtuv\u0117s | Spintos\",\"isPartOf\":{\"@id\":\"https:\\\/\\\/balduera.lt\\\/en\\\/#website\"},\"primaryImageOfPage\":{\"@id\":\"https:\\\/\\\/balduera.lt\\\/en\\\/beds\\\/#primaryimage\"},\"image\":{\"@id\":\"https:\\\/\\\/balduera.lt\\\/en\\\/beds\\\/#primaryimage\"},\"thumbnailUrl\":\"https:\\\/\\\/new.balduera.lt\\\/wp-content\\\/uploads\\\/2012\\\/03\\\/Miegamojo-Lovos-Vilniuje-pagal-uzsakyma-500x295.jpg\",\"datePublished\":\"2012-03-02T23:47:30+00:00\",\"breadcrumb\":{\"@id\":\"https:\\\/\\\/balduera.lt\\\/en\\\/beds\\\/#breadcrumb\"},\"inLanguage\":\"en-US\",\"potentialAction\":[{\"@type\":\"ReadAction\",\"target\":[\"https:\\\/\\\/balduera.lt\\\/en\\\/beds\\\/\"]}]},{\"@type\":\"ImageObject\",\"inLanguage\":\"en-US\",\"@id\":\"https:\\\/\\\/balduera.lt\\\/en\\\/beds\\\/#primaryimage\",\"url\":\"https:\\\/\\\/new.balduera.lt\\\/wp-content\\\/uploads\\\/2012\\\/03\\\/Miegamojo-Lovos-Vilniuje-pagal-uzsakyma-500x295.jpg\",\"contentUrl\":\"https:\\\/\\\/new.balduera.lt\\\/wp-content\\\/uploads\\\/2012\\\/03\\\/Miegamojo-Lovos-Vilniuje-pagal-uzsakyma-500x295.jpg\"},{\"@type\":\"BreadcrumbList\",\"@id\":\"https:\\\/\\\/balduera.lt\\\/en\\\/beds\\\/#breadcrumb\",\"itemListElement\":[{\"@type\":\"ListItem\",\"position\":1,\"name\":\"Home\",\"item\":\"https:\\\/\\\/balduera.lt\\\/en\\\/\"},{\"@type\":\"ListItem\",\"position\":2,\"name\":\"Beds\"}]},{\"@type\":\"WebSite\",\"@id\":\"https:\\\/\\\/balduera.lt\\\/en\\\/#website\",\"url\":\"https:\\\/\\\/balduera.lt\\\/en\\\/\",\"name\":\"Bald\u0173 Era - Nestandartini\u0173 bald\u0173 gamyba | 12 met\u0173 patirtis\",\"description\":\"Virtuv\u0117s Baldai, Spintos, Komodos pagal individual\u0173 u\u017esakym\u0105\",\"publisher\":{\"@id\":\"https:\\\/\\\/balduera.lt\\\/en\\\/#organization\"},\"potentialAction\":[{\"@type\":\"SearchAction\",\"target\":{\"@type\":\"EntryPoint\",\"urlTemplate\":\"https:\\\/\\\/balduera.lt\\\/en\\\/?s={search_term_string}\"},\"query-input\":{\"@type\":\"PropertyValueSpecification\",\"valueRequired\":true,\"valueName\":\"search_term_string\"}}],\"inLanguage\":\"en-US\"},{\"@type\":\"Organization\",\"@id\":\"https:\\\/\\\/balduera.lt\\\/en\\\/#organization\",\"name\":\"Bald\u0173 Era - Nestandartini\u0173 bald\u0173 gamyba | 12 met\u0173 patirtis\",\"url\":\"https:\\\/\\\/balduera.lt\\\/en\\\/\",\"logo\":{\"@type\":\"ImageObject\",\"inLanguage\":\"en-US\",\"@id\":\"https:\\\/\\\/balduera.lt\\\/en\\\/#\\\/schema\\\/logo\\\/image\\\/\",\"url\":\"https:\\\/\\\/new.balduera.lt\\\/wp-content\\\/uploads\\\/2024\\\/09\\\/LOGO-White1.png\",\"contentUrl\":\"https:\\\/\\\/new.balduera.lt\\\/wp-content\\\/uploads\\\/2024\\\/09\\\/LOGO-White1.png\",\"width\":936,\"height\":226,\"caption\":\"Bald\u0173 Era - Nestandartini\u0173 bald\u0173 gamyba | 12 met\u0173 patirtis\"},\"image\":{\"@id\":\"https:\\\/\\\/balduera.lt\\\/en\\\/#\\\/schema\\\/logo\\\/image\\\/\"}}]}<\/script>\n<!-- \/ Yoast SEO plugin. -->","yoast_head_json":{"title":"Beds - Nestandartini\u0173 bald\u0173 gamyba Vilniuje | Virtuv\u0117s | Spintos","robots":{"index":"index","follow":"follow","max-snippet":"max-snippet:-1","max-image-preview":"max-image-preview:large","max-video-preview":"max-video-preview:-1"},"canonical":"https:\/\/balduera.lt\/en\/beds\/","og_locale":"en_US","og_type":"article","og_title":"Beds - Nestandartini\u0173 bald\u0173 gamyba Vilniuje | Virtuv\u0117s | Spintos","og_description":"The bedroom is a special place in your home. It&#8217;s where we spend a lot of time. It is therefore very important what kind of environment and bed you sleep in, whether the furniture is comfortably arranged, and whether there is enough space to store your belongings and bedding. We are ready to help you [&hellip;]","og_url":"https:\/\/balduera.lt\/en\/beds\/","og_site_name":"Nestandartini\u0173 bald\u0173 gamyba Vilniuje | Virtuv\u0117s | Spintos","og_image":[{"url":"https:\/\/new.balduera.lt\/wp-content\/uploads\/2012\/03\/Miegamojo-Lovos-Vilniuje-pagal-uzsakyma-500x295.jpg","type":"","width":"","height":""}],"twitter_card":"summary_large_image","twitter_misc":{"Est. reading time":"1 minute"},"schema":{"@context":"https:\/\/schema.org","@graph":[{"@type":"WebPage","@id":"https:\/\/balduera.lt\/en\/beds\/","url":"https:\/\/balduera.lt\/en\/beds\/","name":"Beds - Nestandartini\u0173 bald\u0173 gamyba Vilniuje | Virtuv\u0117s | Spintos","isPartOf":{"@id":"https:\/\/balduera.lt\/en\/#website"},"primaryImageOfPage":{"@id":"https:\/\/balduera.lt\/en\/beds\/#primaryimage"},"image":{"@id":"https:\/\/balduera.lt\/en\/beds\/#primaryimage"},"thumbnailUrl":"https:\/\/new.balduera.lt\/wp-content\/uploads\/2012\/03\/Miegamojo-Lovos-Vilniuje-pagal-uzsakyma-500x295.jpg","datePublished":"2012-03-02T23:47:30+00:00","breadcrumb":{"@id":"https:\/\/balduera.lt\/en\/beds\/#breadcrumb"},"inLanguage":"en-US","potentialAction":[{"@type":"ReadAction","target":["https:\/\/balduera.lt\/en\/beds\/"]}]},{"@type":"ImageObject","inLanguage":"en-US","@id":"https:\/\/balduera.lt\/en\/beds\/#primaryimage","url":"https:\/\/new.balduera.lt\/wp-content\/uploads\/2012\/03\/Miegamojo-Lovos-Vilniuje-pagal-uzsakyma-500x295.jpg","contentUrl":"https:\/\/new.balduera.lt\/wp-content\/uploads\/2012\/03\/Miegamojo-Lovos-Vilniuje-pagal-uzsakyma-500x295.jpg"},{"@type":"BreadcrumbList","@id":"https:\/\/balduera.lt\/en\/beds\/#breadcrumb","itemListElement":[{"@type":"ListItem","position":1,"name":"Home","item":"https:\/\/balduera.lt\/en\/"},{"@type":"ListItem","position":2,"name":"Beds"}]},{"@type":"WebSite","@id":"https:\/\/balduera.lt\/en\/#website","url":"https:\/\/balduera.lt\/en\/","name":"Bald\u0173 Era - Nestandartini\u0173 bald\u0173 gamyba | 12 met\u0173 patirtis","description":"Virtuv\u0117s Baldai, Spintos, Komodos pagal individual\u0173 u\u017esakym\u0105","publisher":{"@id":"https:\/\/balduera.lt\/en\/#organization"},"potentialAction":[{"@type":"SearchAction","target":{"@type":"EntryPoint","urlTemplate":"https:\/\/balduera.lt\/en\/?s={search_term_string}"},"query-input":{"@type":"PropertyValueSpecification","valueRequired":true,"valueName":"search_term_string"}}],"inLanguage":"en-US"},{"@type":"Organization","@id":"https:\/\/balduera.lt\/en\/#organization","name":"Bald\u0173 Era - Nestandartini\u0173 bald\u0173 gamyba | 12 met\u0173 patirtis","url":"https:\/\/balduera.lt\/en\/","logo":{"@type":"ImageObject","inLanguage":"en-US","@id":"https:\/\/balduera.lt\/en\/#\/schema\/logo\/image\/","url":"https:\/\/new.balduera.lt\/wp-content\/uploads\/2024\/09\/LOGO-White1.png","contentUrl":"https:\/\/new.balduera.lt\/wp-content\/uploads\/2024\/09\/LOGO-White1.png","width":936,"height":226,"caption":"Bald\u0173 Era - Nestandartini\u0173 bald\u0173 gamyba | 12 met\u0173 patirtis"},"image":{"@id":"https:\/\/balduera.lt\/en\/#\/schema\/logo\/image\/"}}]}},"_links":{"self":[{"href":"https:\/\/balduera.lt\/en\/wp-json\/wp\/v2\/pages\/1378780","targetHints":{"allow":["GET"]}}],"collection":[{"href":"https:\/\/balduera.lt\/en\/wp-json\/wp\/v2\/pages"}],"about":[{"href":"https:\/\/balduera.lt\/en\/wp-json\/wp\/v2\/types\/page"}],"author":[{"embeddable":true,"href":"https:\/\/balduera.lt\/en\/wp-json\/wp\/v2\/users\/1"}],"replies":[{"embeddable":true,"href":"https:\/\/balduera.lt\/en\/wp-json\/wp\/v2\/comments?post=1378780"}],"version-history":[{"count":0,"href":"https:\/\/balduera.lt\/en\/wp-json\/wp\/v2\/pages\/1378780\/revisions"}],"wp:attachment":[{"href":"https:\/\/balduera.lt\/en\/wp-json\/wp\/v2\/media?parent=1378780"}],"curies":[{"name":"wp","href":"https:\/\/api.w.org\/{rel}","templated":true}]}}