{"id":1378790,"date":"2012-03-03T02:12:46","date_gmt":"2012-03-03T00:12:46","guid":{"rendered":"https:\/\/new.balduera.lt\/bedroom-furniture\/furniture-online\/"},"modified":"2012-03-03T02:12:46","modified_gmt":"2012-03-03T00:12:46","slug":"furniture-online","status":"publish","type":"page","link":"https:\/\/balduera.lt\/en\/furniture-online\/","title":{"rendered":"Furniture Online"},"content":{"rendered":"<table border=\"0\">\n<tbody>\n<tr>\n<td>\n<p style=\"text-align: justify;\">Now you can <strong>order<\/strong> our furniture <strong>online<\/strong>. Our designer will come to you at your convenience and help you decide on the colours, <a href=\"https:\/\/new.balduera.lt\/virtuves-baldai-2\/medziagos-baldams\/\">materials<\/a>, type of construction, set-up and installation times. <\/p>\n<p style=\"text-align: justify;\">We work in the Vilnius area (if you wish, we will come to other cities throughout Lithuania). <a href=\"https:\/\/new.balduera.lt\/virtuves-baldai-2\/virtuves-baldu-gamyba\/\">Production <\/a>times depend on the complexity of the furniture ordered, the delivery times of the selected mechanisms, etc. Approximately, <strong>we can produce<\/strong> furniture <strong>in 4-8 weeks<\/strong>, beds in 3-4 weeks. All furniture is delivered by our own transport and assembled.  <\/p>\n<p style=\"text-align: justify;\">We accept orders for furniture throughout Lithuania. However, if you are outside the Vilnius region, the arrival and measurement of the furniture must be coordinated in advance with our designer. The designer&#8217;s arrival and delivery fee, the exact <a href=\"https:\/\/new.balduera.lt\/kainos\/\">price of<\/a> the furniture can be quoted if we know exactly what kind of furniture you will need to make, what fittings you will use and where you live. Therefore, please send us as much information as possible about the furniture you are planning to buy, so that we can estimate more accurately.   <\/p>\n<\/td>\n<td><a href=\"https:\/\/new.balduera.lt\/wp-content\/uploads\/2012\/03\/Miegamojo-Baldai-Vilniuje-pagal-uzsakyma1.jpg\"><img loading=\"lazy\" decoding=\"async\" class=\"alignnone size-medium wp-image-2982\" title=\"Bedroom furniture in Vilnius by order1\" src=\"https:\/\/new.balduera.lt\/wp-content\/uploads\/2012\/03\/Miegamojo-Baldai-Vilniuje-pagal-uzsakyma1-500x380.jpg\" alt=\"\" width=\"500\" height=\"380\"><\/a><\/td>\n<\/tr>\n<\/tbody>\n<\/table>\n<p>[nggallery id=&#8221;55&#8243;]<\/p>\n","protected":false},"excerpt":{"rendered":"<p>Now you can order our furniture online. Our designer will come to you at your convenience and help you decide on the colours, materials, type of construction, set-up and installation times. We work in the Vilnius area (if you wish, we will come to other cities throughout Lithuania). Production times depend on the complexity of [&hellip;]<\/p>\n","protected":false},"author":1,"featured_media":0,"parent":0,"menu_order":0,"comment_status":"closed","ping_status":"closed","template":"","meta":{"_et_pb_use_builder":"","_et_pb_old_content":"","_et_gb_content_width":"","footnotes":""},"class_list":["post-1378790","page","type-page","status-publish","hentry"],"yoast_head":"<!-- This site is optimized with the Yoast SEO plugin v27.4 - https:\/\/yoast.com\/product\/yoast-seo-wordpress\/ -->\n<title>Furniture Online - Nestandartini\u0173 bald\u0173 gamyba Vilniuje | Virtuv\u0117s | Spintos<\/title>\n<meta name=\"robots\" content=\"index, follow, max-snippet:-1, max-image-preview:large, max-video-preview:-1\" \/>\n<link rel=\"canonical\" href=\"https:\/\/balduera.lt\/en\/furniture-online\/\" \/>\n<meta property=\"og:locale\" content=\"en_US\" \/>\n<meta property=\"og:type\" content=\"article\" \/>\n<meta property=\"og:title\" content=\"Furniture Online - Nestandartini\u0173 bald\u0173 gamyba Vilniuje | Virtuv\u0117s | Spintos\" \/>\n<meta property=\"og:description\" content=\"Now you can order our furniture online. Our designer will come to you at your convenience and help you decide on the colours, materials, type of construction, set-up and installation times. We work in the Vilnius area (if you wish, we will come to other cities throughout Lithuania). Production times depend on the complexity of [&hellip;]\" \/>\n<meta property=\"og:url\" content=\"https:\/\/balduera.lt\/en\/furniture-online\/\" \/>\n<meta property=\"og:site_name\" content=\"Nestandartini\u0173 bald\u0173 gamyba Vilniuje | Virtuv\u0117s | Spintos\" \/>\n<meta property=\"og:image\" content=\"https:\/\/new.balduera.lt\/wp-content\/uploads\/2012\/03\/Miegamojo-Baldai-Vilniuje-pagal-uzsakyma1-500x380.jpg\" \/>\n<meta name=\"twitter:card\" content=\"summary_large_image\" \/>\n<meta name=\"twitter:label1\" content=\"Est. reading time\" \/>\n\t<meta name=\"twitter:data1\" content=\"1 minute\" \/>\n<script type=\"application\/ld+json\" class=\"yoast-schema-graph\">{\"@context\":\"https:\\\/\\\/schema.org\",\"@graph\":[{\"@type\":\"WebPage\",\"@id\":\"https:\\\/\\\/balduera.lt\\\/en\\\/furniture-online\\\/\",\"url\":\"https:\\\/\\\/balduera.lt\\\/en\\\/furniture-online\\\/\",\"name\":\"Furniture Online - Nestandartini\u0173 bald\u0173 gamyba Vilniuje | Virtuv\u0117s | Spintos\",\"isPartOf\":{\"@id\":\"https:\\\/\\\/balduera.lt\\\/en\\\/#website\"},\"primaryImageOfPage\":{\"@id\":\"https:\\\/\\\/balduera.lt\\\/en\\\/furniture-online\\\/#primaryimage\"},\"image\":{\"@id\":\"https:\\\/\\\/balduera.lt\\\/en\\\/furniture-online\\\/#primaryimage\"},\"thumbnailUrl\":\"https:\\\/\\\/new.balduera.lt\\\/wp-content\\\/uploads\\\/2012\\\/03\\\/Miegamojo-Baldai-Vilniuje-pagal-uzsakyma1-500x380.jpg\",\"datePublished\":\"2012-03-03T00:12:46+00:00\",\"breadcrumb\":{\"@id\":\"https:\\\/\\\/balduera.lt\\\/en\\\/furniture-online\\\/#breadcrumb\"},\"inLanguage\":\"en-US\",\"potentialAction\":[{\"@type\":\"ReadAction\",\"target\":[\"https:\\\/\\\/balduera.lt\\\/en\\\/furniture-online\\\/\"]}]},{\"@type\":\"ImageObject\",\"inLanguage\":\"en-US\",\"@id\":\"https:\\\/\\\/balduera.lt\\\/en\\\/furniture-online\\\/#primaryimage\",\"url\":\"https:\\\/\\\/new.balduera.lt\\\/wp-content\\\/uploads\\\/2012\\\/03\\\/Miegamojo-Baldai-Vilniuje-pagal-uzsakyma1-500x380.jpg\",\"contentUrl\":\"https:\\\/\\\/new.balduera.lt\\\/wp-content\\\/uploads\\\/2012\\\/03\\\/Miegamojo-Baldai-Vilniuje-pagal-uzsakyma1-500x380.jpg\"},{\"@type\":\"BreadcrumbList\",\"@id\":\"https:\\\/\\\/balduera.lt\\\/en\\\/furniture-online\\\/#breadcrumb\",\"itemListElement\":[{\"@type\":\"ListItem\",\"position\":1,\"name\":\"Home\",\"item\":\"https:\\\/\\\/balduera.lt\\\/en\\\/\"},{\"@type\":\"ListItem\",\"position\":2,\"name\":\"Furniture Online\"}]},{\"@type\":\"WebSite\",\"@id\":\"https:\\\/\\\/balduera.lt\\\/en\\\/#website\",\"url\":\"https:\\\/\\\/balduera.lt\\\/en\\\/\",\"name\":\"Bald\u0173 Era - Nestandartini\u0173 bald\u0173 gamyba | 12 met\u0173 patirtis\",\"description\":\"Virtuv\u0117s Baldai, Spintos, Komodos pagal individual\u0173 u\u017esakym\u0105\",\"publisher\":{\"@id\":\"https:\\\/\\\/balduera.lt\\\/en\\\/#organization\"},\"potentialAction\":[{\"@type\":\"SearchAction\",\"target\":{\"@type\":\"EntryPoint\",\"urlTemplate\":\"https:\\\/\\\/balduera.lt\\\/en\\\/?s={search_term_string}\"},\"query-input\":{\"@type\":\"PropertyValueSpecification\",\"valueRequired\":true,\"valueName\":\"search_term_string\"}}],\"inLanguage\":\"en-US\"},{\"@type\":\"Organization\",\"@id\":\"https:\\\/\\\/balduera.lt\\\/en\\\/#organization\",\"name\":\"Bald\u0173 Era - Nestandartini\u0173 bald\u0173 gamyba | 12 met\u0173 patirtis\",\"url\":\"https:\\\/\\\/balduera.lt\\\/en\\\/\",\"logo\":{\"@type\":\"ImageObject\",\"inLanguage\":\"en-US\",\"@id\":\"https:\\\/\\\/balduera.lt\\\/en\\\/#\\\/schema\\\/logo\\\/image\\\/\",\"url\":\"https:\\\/\\\/new.balduera.lt\\\/wp-content\\\/uploads\\\/2024\\\/09\\\/LOGO-White1.png\",\"contentUrl\":\"https:\\\/\\\/new.balduera.lt\\\/wp-content\\\/uploads\\\/2024\\\/09\\\/LOGO-White1.png\",\"width\":936,\"height\":226,\"caption\":\"Bald\u0173 Era - Nestandartini\u0173 bald\u0173 gamyba | 12 met\u0173 patirtis\"},\"image\":{\"@id\":\"https:\\\/\\\/balduera.lt\\\/en\\\/#\\\/schema\\\/logo\\\/image\\\/\"}}]}<\/script>\n<!-- \/ Yoast SEO plugin. -->","yoast_head_json":{"title":"Furniture Online - Nestandartini\u0173 bald\u0173 gamyba Vilniuje | Virtuv\u0117s | Spintos","robots":{"index":"index","follow":"follow","max-snippet":"max-snippet:-1","max-image-preview":"max-image-preview:large","max-video-preview":"max-video-preview:-1"},"canonical":"https:\/\/balduera.lt\/en\/furniture-online\/","og_locale":"en_US","og_type":"article","og_title":"Furniture Online - Nestandartini\u0173 bald\u0173 gamyba Vilniuje | Virtuv\u0117s | Spintos","og_description":"Now you can order our furniture online. Our designer will come to you at your convenience and help you decide on the colours, materials, type of construction, set-up and installation times. We work in the Vilnius area (if you wish, we will come to other cities throughout Lithuania). Production times depend on the complexity of [&hellip;]","og_url":"https:\/\/balduera.lt\/en\/furniture-online\/","og_site_name":"Nestandartini\u0173 bald\u0173 gamyba Vilniuje | Virtuv\u0117s | Spintos","og_image":[{"url":"https:\/\/new.balduera.lt\/wp-content\/uploads\/2012\/03\/Miegamojo-Baldai-Vilniuje-pagal-uzsakyma1-500x380.jpg","type":"","width":"","height":""}],"twitter_card":"summary_large_image","twitter_misc":{"Est. reading time":"1 minute"},"schema":{"@context":"https:\/\/schema.org","@graph":[{"@type":"WebPage","@id":"https:\/\/balduera.lt\/en\/furniture-online\/","url":"https:\/\/balduera.lt\/en\/furniture-online\/","name":"Furniture Online - Nestandartini\u0173 bald\u0173 gamyba Vilniuje | Virtuv\u0117s | Spintos","isPartOf":{"@id":"https:\/\/balduera.lt\/en\/#website"},"primaryImageOfPage":{"@id":"https:\/\/balduera.lt\/en\/furniture-online\/#primaryimage"},"image":{"@id":"https:\/\/balduera.lt\/en\/furniture-online\/#primaryimage"},"thumbnailUrl":"https:\/\/new.balduera.lt\/wp-content\/uploads\/2012\/03\/Miegamojo-Baldai-Vilniuje-pagal-uzsakyma1-500x380.jpg","datePublished":"2012-03-03T00:12:46+00:00","breadcrumb":{"@id":"https:\/\/balduera.lt\/en\/furniture-online\/#breadcrumb"},"inLanguage":"en-US","potentialAction":[{"@type":"ReadAction","target":["https:\/\/balduera.lt\/en\/furniture-online\/"]}]},{"@type":"ImageObject","inLanguage":"en-US","@id":"https:\/\/balduera.lt\/en\/furniture-online\/#primaryimage","url":"https:\/\/new.balduera.lt\/wp-content\/uploads\/2012\/03\/Miegamojo-Baldai-Vilniuje-pagal-uzsakyma1-500x380.jpg","contentUrl":"https:\/\/new.balduera.lt\/wp-content\/uploads\/2012\/03\/Miegamojo-Baldai-Vilniuje-pagal-uzsakyma1-500x380.jpg"},{"@type":"BreadcrumbList","@id":"https:\/\/balduera.lt\/en\/furniture-online\/#breadcrumb","itemListElement":[{"@type":"ListItem","position":1,"name":"Home","item":"https:\/\/balduera.lt\/en\/"},{"@type":"ListItem","position":2,"name":"Furniture Online"}]},{"@type":"WebSite","@id":"https:\/\/balduera.lt\/en\/#website","url":"https:\/\/balduera.lt\/en\/","name":"Bald\u0173 Era - Nestandartini\u0173 bald\u0173 gamyba | 12 met\u0173 patirtis","description":"Virtuv\u0117s Baldai, Spintos, Komodos pagal individual\u0173 u\u017esakym\u0105","publisher":{"@id":"https:\/\/balduera.lt\/en\/#organization"},"potentialAction":[{"@type":"SearchAction","target":{"@type":"EntryPoint","urlTemplate":"https:\/\/balduera.lt\/en\/?s={search_term_string}"},"query-input":{"@type":"PropertyValueSpecification","valueRequired":true,"valueName":"search_term_string"}}],"inLanguage":"en-US"},{"@type":"Organization","@id":"https:\/\/balduera.lt\/en\/#organization","name":"Bald\u0173 Era - Nestandartini\u0173 bald\u0173 gamyba | 12 met\u0173 patirtis","url":"https:\/\/balduera.lt\/en\/","logo":{"@type":"ImageObject","inLanguage":"en-US","@id":"https:\/\/balduera.lt\/en\/#\/schema\/logo\/image\/","url":"https:\/\/new.balduera.lt\/wp-content\/uploads\/2024\/09\/LOGO-White1.png","contentUrl":"https:\/\/new.balduera.lt\/wp-content\/uploads\/2024\/09\/LOGO-White1.png","width":936,"height":226,"caption":"Bald\u0173 Era - Nestandartini\u0173 bald\u0173 gamyba | 12 met\u0173 patirtis"},"image":{"@id":"https:\/\/balduera.lt\/en\/#\/schema\/logo\/image\/"}}]}},"_links":{"self":[{"href":"https:\/\/balduera.lt\/en\/wp-json\/wp\/v2\/pages\/1378790","targetHints":{"allow":["GET"]}}],"collection":[{"href":"https:\/\/balduera.lt\/en\/wp-json\/wp\/v2\/pages"}],"about":[{"href":"https:\/\/balduera.lt\/en\/wp-json\/wp\/v2\/types\/page"}],"author":[{"embeddable":true,"href":"https:\/\/balduera.lt\/en\/wp-json\/wp\/v2\/users\/1"}],"replies":[{"embeddable":true,"href":"https:\/\/balduera.lt\/en\/wp-json\/wp\/v2\/comments?post=1378790"}],"version-history":[{"count":0,"href":"https:\/\/balduera.lt\/en\/wp-json\/wp\/v2\/pages\/1378790\/revisions"}],"wp:attachment":[{"href":"https:\/\/balduera.lt\/en\/wp-json\/wp\/v2\/media?parent=1378790"}],"curies":[{"name":"wp","href":"https:\/\/api.w.org\/{rel}","templated":true}]}}