{"id":1378812,"date":"2012-10-01T11:43:07","date_gmt":"2012-10-01T08:43:07","guid":{"rendered":"https:\/\/new.balduera.lt\/living-room-tables-transformers\/"},"modified":"2012-10-01T11:43:07","modified_gmt":"2012-10-01T08:43:07","slug":"living-room-tables-transformers","status":"publish","type":"page","link":"https:\/\/balduera.lt\/en\/living-room-tables-transformers\/","title":{"rendered":"Living room tables Transformers"},"content":{"rendered":"<p style=\"text-align: justify;\"><strong>This page shows <span style=\"color: #ff0000;\">custom-made<\/span> tables. <\/strong>If <strong><span style=\"text-decoration: underline;\">you would like to order a standard transformer table <\/span><\/strong>please go to this page <strong><a href=\"https:\/\/new.balduera.lt\/nuotraukos\/stalai-transformeriai-standart\/\">Tables Transformers Standard<\/a><\/strong>.<\/p>\n<p style=\"text-align: justify;\"><strong>We make transformer tables <\/strong>to order <strong>. <\/strong>Special table mechanisms unfold the table top and make a small coffee table<strong> twice as big and tall<\/strong>. The mechanisms are durable and can hold a weight of up to 45 kg. <br \/>The folding transformer table takes up little space and <strong>can be quickly transformed into a larger table<\/strong> if necessary. <strong>The tables can be made on castors, with an additional drawer inside, in a variety of <a href=\"https:\/\/new.balduera.lt\/nuotraukos\/standartines-staliuku-spalvos\/\">colours<\/a><\/strong>. You can also order such a table <a href=\"https:\/\/new.balduera.lt\/baneris\/staliukas-transformeris-internetu\/\">online<\/a>.  <\/p>\n<p style=\"text-align: justify;\">For prices of Transformer coffee tables please contact Tel: 8 62212951 or send an email to <a href=\"mailto:info@balduera.lt\">info@balduera.lt <\/a> <\/p>\n<p>[nggallery id=&#8221;42&#8243;]<\/p>\n<p><span style=\"color: #000000;\"><strong>For your convenience, we have included a Table Order Form below, which you can use to order <a href=\"https:\/\/new.balduera.lt\/nuotraukos\/stalai-transformeriai-standart\/\">Standard <\/a>Transformer <a href=\"https:\/\/new.balduera.lt\/nuotraukos\/stalai-transformeriai-standart\/\">Tables <\/a>:<\/strong><\/span><\/p>\n<p>[contact-form 2 &#8220;Staliuku uzsakymo forma&#8221;]<\/p>\n","protected":false},"excerpt":{"rendered":"<p>This page shows custom-made tables. If you would like to order a standard transformer table please go to this page Tables Transformers Standard. We make transformer tables to order . Special table mechanisms unfold the table top and make a small coffee table twice as big and tall. The mechanisms are durable and can hold [&hellip;]<\/p>\n","protected":false},"author":1,"featured_media":0,"parent":0,"menu_order":-4,"comment_status":"closed","ping_status":"closed","template":"","meta":{"_et_pb_use_builder":"","_et_pb_old_content":"","_et_gb_content_width":"","footnotes":""},"class_list":["post-1378812","page","type-page","status-publish","hentry"],"yoast_head":"<!-- This site is optimized with the Yoast SEO plugin v27.4 - https:\/\/yoast.com\/product\/yoast-seo-wordpress\/ -->\n<title>Living room tables Transformers - Nestandartini\u0173 bald\u0173 gamyba Vilniuje | Virtuv\u0117s | Spintos<\/title>\n<meta name=\"robots\" content=\"index, follow, max-snippet:-1, max-image-preview:large, max-video-preview:-1\" \/>\n<link rel=\"canonical\" href=\"https:\/\/balduera.lt\/en\/living-room-tables-transformers\/\" \/>\n<meta property=\"og:locale\" content=\"en_US\" \/>\n<meta property=\"og:type\" content=\"article\" \/>\n<meta property=\"og:title\" content=\"Living room tables Transformers - Nestandartini\u0173 bald\u0173 gamyba Vilniuje | Virtuv\u0117s | Spintos\" \/>\n<meta property=\"og:description\" content=\"This page shows custom-made tables. If you would like to order a standard transformer table please go to this page Tables Transformers Standard. We make transformer tables to order . Special table mechanisms unfold the table top and make a small coffee table twice as big and tall. The mechanisms are durable and can hold [&hellip;]\" \/>\n<meta property=\"og:url\" content=\"https:\/\/balduera.lt\/en\/living-room-tables-transformers\/\" \/>\n<meta property=\"og:site_name\" content=\"Nestandartini\u0173 bald\u0173 gamyba Vilniuje | Virtuv\u0117s | Spintos\" \/>\n<meta name=\"twitter:card\" content=\"summary_large_image\" \/>\n<meta name=\"twitter:label1\" content=\"Est. reading time\" \/>\n\t<meta name=\"twitter:data1\" content=\"1 minute\" \/>\n<script type=\"application\/ld+json\" class=\"yoast-schema-graph\">{\"@context\":\"https:\\\/\\\/schema.org\",\"@graph\":[{\"@type\":\"WebPage\",\"@id\":\"https:\\\/\\\/balduera.lt\\\/en\\\/living-room-tables-transformers\\\/\",\"url\":\"https:\\\/\\\/balduera.lt\\\/en\\\/living-room-tables-transformers\\\/\",\"name\":\"Living room tables Transformers - Nestandartini\u0173 bald\u0173 gamyba Vilniuje | Virtuv\u0117s | Spintos\",\"isPartOf\":{\"@id\":\"https:\\\/\\\/balduera.lt\\\/en\\\/#website\"},\"datePublished\":\"2012-10-01T08:43:07+00:00\",\"breadcrumb\":{\"@id\":\"https:\\\/\\\/balduera.lt\\\/en\\\/living-room-tables-transformers\\\/#breadcrumb\"},\"inLanguage\":\"en-US\",\"potentialAction\":[{\"@type\":\"ReadAction\",\"target\":[\"https:\\\/\\\/balduera.lt\\\/en\\\/living-room-tables-transformers\\\/\"]}]},{\"@type\":\"BreadcrumbList\",\"@id\":\"https:\\\/\\\/balduera.lt\\\/en\\\/living-room-tables-transformers\\\/#breadcrumb\",\"itemListElement\":[{\"@type\":\"ListItem\",\"position\":1,\"name\":\"Home\",\"item\":\"https:\\\/\\\/balduera.lt\\\/en\\\/\"},{\"@type\":\"ListItem\",\"position\":2,\"name\":\"Living room tables Transformers\"}]},{\"@type\":\"WebSite\",\"@id\":\"https:\\\/\\\/balduera.lt\\\/en\\\/#website\",\"url\":\"https:\\\/\\\/balduera.lt\\\/en\\\/\",\"name\":\"Bald\u0173 Era - Nestandartini\u0173 bald\u0173 gamyba | 12 met\u0173 patirtis\",\"description\":\"Virtuv\u0117s Baldai, Spintos, Komodos pagal individual\u0173 u\u017esakym\u0105\",\"publisher\":{\"@id\":\"https:\\\/\\\/balduera.lt\\\/en\\\/#organization\"},\"potentialAction\":[{\"@type\":\"SearchAction\",\"target\":{\"@type\":\"EntryPoint\",\"urlTemplate\":\"https:\\\/\\\/balduera.lt\\\/en\\\/?s={search_term_string}\"},\"query-input\":{\"@type\":\"PropertyValueSpecification\",\"valueRequired\":true,\"valueName\":\"search_term_string\"}}],\"inLanguage\":\"en-US\"},{\"@type\":\"Organization\",\"@id\":\"https:\\\/\\\/balduera.lt\\\/en\\\/#organization\",\"name\":\"Bald\u0173 Era - Nestandartini\u0173 bald\u0173 gamyba | 12 met\u0173 patirtis\",\"url\":\"https:\\\/\\\/balduera.lt\\\/en\\\/\",\"logo\":{\"@type\":\"ImageObject\",\"inLanguage\":\"en-US\",\"@id\":\"https:\\\/\\\/balduera.lt\\\/en\\\/#\\\/schema\\\/logo\\\/image\\\/\",\"url\":\"https:\\\/\\\/new.balduera.lt\\\/wp-content\\\/uploads\\\/2024\\\/09\\\/LOGO-White1.png\",\"contentUrl\":\"https:\\\/\\\/new.balduera.lt\\\/wp-content\\\/uploads\\\/2024\\\/09\\\/LOGO-White1.png\",\"width\":936,\"height\":226,\"caption\":\"Bald\u0173 Era - Nestandartini\u0173 bald\u0173 gamyba | 12 met\u0173 patirtis\"},\"image\":{\"@id\":\"https:\\\/\\\/balduera.lt\\\/en\\\/#\\\/schema\\\/logo\\\/image\\\/\"}}]}<\/script>\n<!-- \/ Yoast SEO plugin. -->","yoast_head_json":{"title":"Living room tables Transformers - Nestandartini\u0173 bald\u0173 gamyba Vilniuje | Virtuv\u0117s | Spintos","robots":{"index":"index","follow":"follow","max-snippet":"max-snippet:-1","max-image-preview":"max-image-preview:large","max-video-preview":"max-video-preview:-1"},"canonical":"https:\/\/balduera.lt\/en\/living-room-tables-transformers\/","og_locale":"en_US","og_type":"article","og_title":"Living room tables Transformers - Nestandartini\u0173 bald\u0173 gamyba Vilniuje | Virtuv\u0117s | Spintos","og_description":"This page shows custom-made tables. If you would like to order a standard transformer table please go to this page Tables Transformers Standard. We make transformer tables to order . Special table mechanisms unfold the table top and make a small coffee table twice as big and tall. The mechanisms are durable and can hold [&hellip;]","og_url":"https:\/\/balduera.lt\/en\/living-room-tables-transformers\/","og_site_name":"Nestandartini\u0173 bald\u0173 gamyba Vilniuje | Virtuv\u0117s | Spintos","twitter_card":"summary_large_image","twitter_misc":{"Est. reading time":"1 minute"},"schema":{"@context":"https:\/\/schema.org","@graph":[{"@type":"WebPage","@id":"https:\/\/balduera.lt\/en\/living-room-tables-transformers\/","url":"https:\/\/balduera.lt\/en\/living-room-tables-transformers\/","name":"Living room tables Transformers - Nestandartini\u0173 bald\u0173 gamyba Vilniuje | Virtuv\u0117s | Spintos","isPartOf":{"@id":"https:\/\/balduera.lt\/en\/#website"},"datePublished":"2012-10-01T08:43:07+00:00","breadcrumb":{"@id":"https:\/\/balduera.lt\/en\/living-room-tables-transformers\/#breadcrumb"},"inLanguage":"en-US","potentialAction":[{"@type":"ReadAction","target":["https:\/\/balduera.lt\/en\/living-room-tables-transformers\/"]}]},{"@type":"BreadcrumbList","@id":"https:\/\/balduera.lt\/en\/living-room-tables-transformers\/#breadcrumb","itemListElement":[{"@type":"ListItem","position":1,"name":"Home","item":"https:\/\/balduera.lt\/en\/"},{"@type":"ListItem","position":2,"name":"Living room tables Transformers"}]},{"@type":"WebSite","@id":"https:\/\/balduera.lt\/en\/#website","url":"https:\/\/balduera.lt\/en\/","name":"Bald\u0173 Era - Nestandartini\u0173 bald\u0173 gamyba | 12 met\u0173 patirtis","description":"Virtuv\u0117s Baldai, Spintos, Komodos pagal individual\u0173 u\u017esakym\u0105","publisher":{"@id":"https:\/\/balduera.lt\/en\/#organization"},"potentialAction":[{"@type":"SearchAction","target":{"@type":"EntryPoint","urlTemplate":"https:\/\/balduera.lt\/en\/?s={search_term_string}"},"query-input":{"@type":"PropertyValueSpecification","valueRequired":true,"valueName":"search_term_string"}}],"inLanguage":"en-US"},{"@type":"Organization","@id":"https:\/\/balduera.lt\/en\/#organization","name":"Bald\u0173 Era - Nestandartini\u0173 bald\u0173 gamyba | 12 met\u0173 patirtis","url":"https:\/\/balduera.lt\/en\/","logo":{"@type":"ImageObject","inLanguage":"en-US","@id":"https:\/\/balduera.lt\/en\/#\/schema\/logo\/image\/","url":"https:\/\/new.balduera.lt\/wp-content\/uploads\/2024\/09\/LOGO-White1.png","contentUrl":"https:\/\/new.balduera.lt\/wp-content\/uploads\/2024\/09\/LOGO-White1.png","width":936,"height":226,"caption":"Bald\u0173 Era - Nestandartini\u0173 bald\u0173 gamyba | 12 met\u0173 patirtis"},"image":{"@id":"https:\/\/balduera.lt\/en\/#\/schema\/logo\/image\/"}}]}},"_links":{"self":[{"href":"https:\/\/balduera.lt\/en\/wp-json\/wp\/v2\/pages\/1378812","targetHints":{"allow":["GET"]}}],"collection":[{"href":"https:\/\/balduera.lt\/en\/wp-json\/wp\/v2\/pages"}],"about":[{"href":"https:\/\/balduera.lt\/en\/wp-json\/wp\/v2\/types\/page"}],"author":[{"embeddable":true,"href":"https:\/\/balduera.lt\/en\/wp-json\/wp\/v2\/users\/1"}],"replies":[{"embeddable":true,"href":"https:\/\/balduera.lt\/en\/wp-json\/wp\/v2\/comments?post=1378812"}],"version-history":[{"count":0,"href":"https:\/\/balduera.lt\/en\/wp-json\/wp\/v2\/pages\/1378812\/revisions"}],"wp:attachment":[{"href":"https:\/\/balduera.lt\/en\/wp-json\/wp\/v2\/media?parent=1378812"}],"curies":[{"name":"wp","href":"https:\/\/api.w.org\/{rel}","templated":true}]}}