{"id":1378823,"date":"2012-10-03T22:50:43","date_gmt":"2012-10-03T19:50:43","guid":{"rendered":"https:\/\/new.balduera.lt\/office-furniture\/"},"modified":"2012-10-03T22:50:43","modified_gmt":"2012-10-03T19:50:43","slug":"office-furniture","status":"publish","type":"page","link":"https:\/\/balduera.lt\/en\/office-furniture\/","title":{"rendered":"Office furniture"},"content":{"rendered":"<table border=\"0\">\n<tbody>\n<tr>\n<td>\n<p>Your office furniture is your <strong>business card that presents your company well and properly.<\/strong><\/p>\n<p>Everything has to be done in such a way that the furniture is not only beautiful and good-looking, but also comfortable and easy to use.<\/p>\n<p>That&#8217;s why every piece of furniture, every room, requires an individual design, so that the end result is not only beautiful, but also ergonomic and comfortable for those who spend hours working around it.<\/p>\n<p>Contact us and let us help you with your office furniture projects.<br \/>We manufacture custom-made office furniture. <span style=\"text-decoration: underline;\"><strong>We design in 3D and provide visualisations<\/strong><\/span> before ordering office furniture.<\/p>\n<p>For <a href=\"https:\/\/new.balduera.lt\/2024\/03\/biuro-baldu-gamyba-vilniuje\/\">office furniture<\/a> production, please contact us by phone or email on the Contacts page.<\/p>\n<\/td>\n<td><a href=\"https:\/\/new.balduera.lt\/wp-content\/uploads\/2012\/10\/Biuro-Baldu-Gamyba-Vilniuje1.jpg\"><img loading=\"lazy\" decoding=\"async\" class=\"alignnone size-medium wp-image-3020\" title=\"Office Furniture Production in Vilnius\" src=\"https:\/\/new.balduera.lt\/wp-content\/uploads\/2012\/10\/Biuro-Baldu-Gamyba-Vilniuje1-500x267.jpg\" alt=\"\" width=\"500\" height=\"267\"><\/a><\/td>\n<\/tr>\n<\/tbody>\n<\/table>\n<p>[nggallery id=&#8221;59&#8243;]<\/p>\n","protected":false},"excerpt":{"rendered":"<p>Your office furniture is your business card that presents your company well and properly. Everything has to be done in such a way that the furniture is not only beautiful and good-looking, but also comfortable and easy to use. That&#8217;s why every piece of furniture, every room, requires an individual design, so that the end [&hellip;]<\/p>\n","protected":false},"author":1,"featured_media":0,"parent":0,"menu_order":0,"comment_status":"closed","ping_status":"closed","template":"","meta":{"_et_pb_use_builder":"","_et_pb_old_content":"","_et_gb_content_width":"","footnotes":""},"class_list":["post-1378823","page","type-page","status-publish","hentry"],"yoast_head":"<!-- This site is optimized with the Yoast SEO plugin v27.5 - https:\/\/yoast.com\/product\/yoast-seo-wordpress\/ -->\n<title>Office furniture - Nestandartini\u0173 bald\u0173 gamyba Vilniuje | Virtuv\u0117s | Spintos<\/title>\n<meta name=\"robots\" content=\"index, follow, max-snippet:-1, max-image-preview:large, max-video-preview:-1\" \/>\n<link rel=\"canonical\" href=\"https:\/\/balduera.lt\/en\/office-furniture\/\" \/>\n<meta property=\"og:locale\" content=\"en_US\" \/>\n<meta property=\"og:type\" content=\"article\" \/>\n<meta property=\"og:title\" content=\"Office furniture - Nestandartini\u0173 bald\u0173 gamyba Vilniuje | Virtuv\u0117s | Spintos\" \/>\n<meta property=\"og:description\" content=\"Your office furniture is your business card that presents your company well and properly. Everything has to be done in such a way that the furniture is not only beautiful and good-looking, but also comfortable and easy to use. That&#8217;s why every piece of furniture, every room, requires an individual design, so that the end [&hellip;]\" \/>\n<meta property=\"og:url\" content=\"https:\/\/balduera.lt\/en\/office-furniture\/\" \/>\n<meta property=\"og:site_name\" content=\"Nestandartini\u0173 bald\u0173 gamyba Vilniuje | Virtuv\u0117s | Spintos\" \/>\n<meta property=\"og:image\" content=\"https:\/\/new.balduera.lt\/wp-content\/uploads\/2012\/10\/Biuro-Baldu-Gamyba-Vilniuje1-500x267.jpg\" \/>\n<meta name=\"twitter:card\" content=\"summary_large_image\" \/>\n<meta name=\"twitter:label1\" content=\"Est. reading time\" \/>\n\t<meta name=\"twitter:data1\" content=\"1 minute\" \/>\n<script type=\"application\/ld+json\" class=\"yoast-schema-graph\">{\"@context\":\"https:\\\/\\\/schema.org\",\"@graph\":[{\"@type\":\"WebPage\",\"@id\":\"https:\\\/\\\/balduera.lt\\\/en\\\/office-furniture\\\/\",\"url\":\"https:\\\/\\\/balduera.lt\\\/en\\\/office-furniture\\\/\",\"name\":\"Office furniture - Nestandartini\u0173 bald\u0173 gamyba Vilniuje | Virtuv\u0117s | Spintos\",\"isPartOf\":{\"@id\":\"https:\\\/\\\/balduera.lt\\\/en\\\/#website\"},\"primaryImageOfPage\":{\"@id\":\"https:\\\/\\\/balduera.lt\\\/en\\\/office-furniture\\\/#primaryimage\"},\"image\":{\"@id\":\"https:\\\/\\\/balduera.lt\\\/en\\\/office-furniture\\\/#primaryimage\"},\"thumbnailUrl\":\"https:\\\/\\\/new.balduera.lt\\\/wp-content\\\/uploads\\\/2012\\\/10\\\/Biuro-Baldu-Gamyba-Vilniuje1-500x267.jpg\",\"datePublished\":\"2012-10-03T19:50:43+00:00\",\"breadcrumb\":{\"@id\":\"https:\\\/\\\/balduera.lt\\\/en\\\/office-furniture\\\/#breadcrumb\"},\"inLanguage\":\"en-US\",\"potentialAction\":[{\"@type\":\"ReadAction\",\"target\":[\"https:\\\/\\\/balduera.lt\\\/en\\\/office-furniture\\\/\"]}]},{\"@type\":\"ImageObject\",\"inLanguage\":\"en-US\",\"@id\":\"https:\\\/\\\/balduera.lt\\\/en\\\/office-furniture\\\/#primaryimage\",\"url\":\"https:\\\/\\\/new.balduera.lt\\\/wp-content\\\/uploads\\\/2012\\\/10\\\/Biuro-Baldu-Gamyba-Vilniuje1-500x267.jpg\",\"contentUrl\":\"https:\\\/\\\/new.balduera.lt\\\/wp-content\\\/uploads\\\/2012\\\/10\\\/Biuro-Baldu-Gamyba-Vilniuje1-500x267.jpg\"},{\"@type\":\"BreadcrumbList\",\"@id\":\"https:\\\/\\\/balduera.lt\\\/en\\\/office-furniture\\\/#breadcrumb\",\"itemListElement\":[{\"@type\":\"ListItem\",\"position\":1,\"name\":\"Home\",\"item\":\"https:\\\/\\\/balduera.lt\\\/en\\\/\"},{\"@type\":\"ListItem\",\"position\":2,\"name\":\"Office furniture\"}]},{\"@type\":\"WebSite\",\"@id\":\"https:\\\/\\\/balduera.lt\\\/en\\\/#website\",\"url\":\"https:\\\/\\\/balduera.lt\\\/en\\\/\",\"name\":\"Bald\u0173 Era - Nestandartini\u0173 bald\u0173 gamyba | 12 met\u0173 patirtis\",\"description\":\"Virtuv\u0117s Baldai, Spintos, Komodos pagal individual\u0173 u\u017esakym\u0105\",\"publisher\":{\"@id\":\"https:\\\/\\\/balduera.lt\\\/en\\\/#organization\"},\"potentialAction\":[{\"@type\":\"SearchAction\",\"target\":{\"@type\":\"EntryPoint\",\"urlTemplate\":\"https:\\\/\\\/balduera.lt\\\/en\\\/?s={search_term_string}\"},\"query-input\":{\"@type\":\"PropertyValueSpecification\",\"valueRequired\":true,\"valueName\":\"search_term_string\"}}],\"inLanguage\":\"en-US\"},{\"@type\":\"Organization\",\"@id\":\"https:\\\/\\\/balduera.lt\\\/en\\\/#organization\",\"name\":\"Bald\u0173 Era - Nestandartini\u0173 bald\u0173 gamyba | 12 met\u0173 patirtis\",\"url\":\"https:\\\/\\\/balduera.lt\\\/en\\\/\",\"logo\":{\"@type\":\"ImageObject\",\"inLanguage\":\"en-US\",\"@id\":\"https:\\\/\\\/balduera.lt\\\/en\\\/#\\\/schema\\\/logo\\\/image\\\/\",\"url\":\"https:\\\/\\\/new.balduera.lt\\\/wp-content\\\/uploads\\\/2024\\\/09\\\/LOGO-White1.png\",\"contentUrl\":\"https:\\\/\\\/new.balduera.lt\\\/wp-content\\\/uploads\\\/2024\\\/09\\\/LOGO-White1.png\",\"width\":936,\"height\":226,\"caption\":\"Bald\u0173 Era - Nestandartini\u0173 bald\u0173 gamyba | 12 met\u0173 patirtis\"},\"image\":{\"@id\":\"https:\\\/\\\/balduera.lt\\\/en\\\/#\\\/schema\\\/logo\\\/image\\\/\"}}]}<\/script>\n<!-- \/ Yoast SEO plugin. -->","yoast_head_json":{"title":"Office furniture - Nestandartini\u0173 bald\u0173 gamyba Vilniuje | Virtuv\u0117s | Spintos","robots":{"index":"index","follow":"follow","max-snippet":"max-snippet:-1","max-image-preview":"max-image-preview:large","max-video-preview":"max-video-preview:-1"},"canonical":"https:\/\/balduera.lt\/en\/office-furniture\/","og_locale":"en_US","og_type":"article","og_title":"Office furniture - Nestandartini\u0173 bald\u0173 gamyba Vilniuje | Virtuv\u0117s | Spintos","og_description":"Your office furniture is your business card that presents your company well and properly. Everything has to be done in such a way that the furniture is not only beautiful and good-looking, but also comfortable and easy to use. That&#8217;s why every piece of furniture, every room, requires an individual design, so that the end [&hellip;]","og_url":"https:\/\/balduera.lt\/en\/office-furniture\/","og_site_name":"Nestandartini\u0173 bald\u0173 gamyba Vilniuje | Virtuv\u0117s | Spintos","og_image":[{"url":"https:\/\/new.balduera.lt\/wp-content\/uploads\/2012\/10\/Biuro-Baldu-Gamyba-Vilniuje1-500x267.jpg","type":"","width":"","height":""}],"twitter_card":"summary_large_image","twitter_misc":{"Est. reading time":"1 minute"},"schema":{"@context":"https:\/\/schema.org","@graph":[{"@type":"WebPage","@id":"https:\/\/balduera.lt\/en\/office-furniture\/","url":"https:\/\/balduera.lt\/en\/office-furniture\/","name":"Office furniture - Nestandartini\u0173 bald\u0173 gamyba Vilniuje | Virtuv\u0117s | Spintos","isPartOf":{"@id":"https:\/\/balduera.lt\/en\/#website"},"primaryImageOfPage":{"@id":"https:\/\/balduera.lt\/en\/office-furniture\/#primaryimage"},"image":{"@id":"https:\/\/balduera.lt\/en\/office-furniture\/#primaryimage"},"thumbnailUrl":"https:\/\/new.balduera.lt\/wp-content\/uploads\/2012\/10\/Biuro-Baldu-Gamyba-Vilniuje1-500x267.jpg","datePublished":"2012-10-03T19:50:43+00:00","breadcrumb":{"@id":"https:\/\/balduera.lt\/en\/office-furniture\/#breadcrumb"},"inLanguage":"en-US","potentialAction":[{"@type":"ReadAction","target":["https:\/\/balduera.lt\/en\/office-furniture\/"]}]},{"@type":"ImageObject","inLanguage":"en-US","@id":"https:\/\/balduera.lt\/en\/office-furniture\/#primaryimage","url":"https:\/\/new.balduera.lt\/wp-content\/uploads\/2012\/10\/Biuro-Baldu-Gamyba-Vilniuje1-500x267.jpg","contentUrl":"https:\/\/new.balduera.lt\/wp-content\/uploads\/2012\/10\/Biuro-Baldu-Gamyba-Vilniuje1-500x267.jpg"},{"@type":"BreadcrumbList","@id":"https:\/\/balduera.lt\/en\/office-furniture\/#breadcrumb","itemListElement":[{"@type":"ListItem","position":1,"name":"Home","item":"https:\/\/balduera.lt\/en\/"},{"@type":"ListItem","position":2,"name":"Office furniture"}]},{"@type":"WebSite","@id":"https:\/\/balduera.lt\/en\/#website","url":"https:\/\/balduera.lt\/en\/","name":"Bald\u0173 Era - Nestandartini\u0173 bald\u0173 gamyba | 12 met\u0173 patirtis","description":"Virtuv\u0117s Baldai, Spintos, Komodos pagal individual\u0173 u\u017esakym\u0105","publisher":{"@id":"https:\/\/balduera.lt\/en\/#organization"},"potentialAction":[{"@type":"SearchAction","target":{"@type":"EntryPoint","urlTemplate":"https:\/\/balduera.lt\/en\/?s={search_term_string}"},"query-input":{"@type":"PropertyValueSpecification","valueRequired":true,"valueName":"search_term_string"}}],"inLanguage":"en-US"},{"@type":"Organization","@id":"https:\/\/balduera.lt\/en\/#organization","name":"Bald\u0173 Era - Nestandartini\u0173 bald\u0173 gamyba | 12 met\u0173 patirtis","url":"https:\/\/balduera.lt\/en\/","logo":{"@type":"ImageObject","inLanguage":"en-US","@id":"https:\/\/balduera.lt\/en\/#\/schema\/logo\/image\/","url":"https:\/\/new.balduera.lt\/wp-content\/uploads\/2024\/09\/LOGO-White1.png","contentUrl":"https:\/\/new.balduera.lt\/wp-content\/uploads\/2024\/09\/LOGO-White1.png","width":936,"height":226,"caption":"Bald\u0173 Era - Nestandartini\u0173 bald\u0173 gamyba | 12 met\u0173 patirtis"},"image":{"@id":"https:\/\/balduera.lt\/en\/#\/schema\/logo\/image\/"}}]}},"_links":{"self":[{"href":"https:\/\/balduera.lt\/en\/wp-json\/wp\/v2\/pages\/1378823","targetHints":{"allow":["GET"]}}],"collection":[{"href":"https:\/\/balduera.lt\/en\/wp-json\/wp\/v2\/pages"}],"about":[{"href":"https:\/\/balduera.lt\/en\/wp-json\/wp\/v2\/types\/page"}],"author":[{"embeddable":true,"href":"https:\/\/balduera.lt\/en\/wp-json\/wp\/v2\/users\/1"}],"replies":[{"embeddable":true,"href":"https:\/\/balduera.lt\/en\/wp-json\/wp\/v2\/comments?post=1378823"}],"version-history":[{"count":0,"href":"https:\/\/balduera.lt\/en\/wp-json\/wp\/v2\/pages\/1378823\/revisions"}],"wp:attachment":[{"href":"https:\/\/balduera.lt\/en\/wp-json\/wp\/v2\/media?parent=1378823"}],"curies":[{"name":"wp","href":"https:\/\/api.w.org\/{rel}","templated":true}]}}