{"id":1378850,"date":"2014-02-18T13:59:16","date_gmt":"2014-02-18T11:59:16","guid":{"rendered":"https:\/\/new.balduera.lt\/standard-table-colours\/"},"modified":"2014-02-18T13:59:16","modified_gmt":"2014-02-18T11:59:16","slug":"standard-table-colours","status":"publish","type":"page","link":"https:\/\/balduera.lt\/en\/standard-table-colours\/","title":{"rendered":"Standard Table Colours"},"content":{"rendered":"<p style=\"text-align: justify;\"><strong>We make transformer tables and other space-saving furniture and furniture for small apartments <\/strong>to order <strong>. <\/strong>Special table mechanisms unfold the table top and make a small coffee table<strong> twice as big and tall<\/strong>. The mechanisms are reliable and durable, and can hold up to 45 kg. <\/p>\n<p style=\"text-align: justify;\">[nggallery id=&#8221;43&#8243;]<\/p>\n","protected":false},"excerpt":{"rendered":"<p>We make transformer tables and other space-saving furniture and furniture for small apartments to order . Special table mechanisms unfold the table top and make a small coffee table twice as big and tall. The mechanisms are reliable and durable, and can hold up to 45 kg. [nggallery id=&#8221;43&#8243;]<\/p>\n","protected":false},"author":1,"featured_media":0,"parent":0,"menu_order":-1,"comment_status":"closed","ping_status":"closed","template":"","meta":{"_et_pb_use_builder":"","_et_pb_old_content":"","_et_gb_content_width":"","footnotes":""},"class_list":["post-1378850","page","type-page","status-publish","hentry"],"yoast_head":"<!-- This site is optimized with the Yoast SEO plugin v27.4 - https:\/\/yoast.com\/product\/yoast-seo-wordpress\/ -->\n<title>Standard Table Colours - Nestandartini\u0173 bald\u0173 gamyba Vilniuje | Virtuv\u0117s | Spintos<\/title>\n<meta name=\"robots\" content=\"index, follow, max-snippet:-1, max-image-preview:large, max-video-preview:-1\" \/>\n<link rel=\"canonical\" href=\"https:\/\/balduera.lt\/en\/standard-table-colours\/\" \/>\n<meta property=\"og:locale\" content=\"en_US\" \/>\n<meta property=\"og:type\" content=\"article\" \/>\n<meta property=\"og:title\" content=\"Standard Table Colours - Nestandartini\u0173 bald\u0173 gamyba Vilniuje | Virtuv\u0117s | Spintos\" \/>\n<meta property=\"og:description\" content=\"We make transformer tables and other space-saving furniture and furniture for small apartments to order . Special table mechanisms unfold the table top and make a small coffee table twice as big and tall. The mechanisms are reliable and durable, and can hold up to 45 kg. [nggallery id=&#8221;43&#8243;]\" \/>\n<meta property=\"og:url\" content=\"https:\/\/balduera.lt\/en\/standard-table-colours\/\" \/>\n<meta property=\"og:site_name\" content=\"Nestandartini\u0173 bald\u0173 gamyba Vilniuje | Virtuv\u0117s | Spintos\" \/>\n<meta name=\"twitter:card\" content=\"summary_large_image\" \/>\n<script type=\"application\/ld+json\" class=\"yoast-schema-graph\">{\"@context\":\"https:\\\/\\\/schema.org\",\"@graph\":[{\"@type\":\"WebPage\",\"@id\":\"https:\\\/\\\/balduera.lt\\\/en\\\/standard-table-colours\\\/\",\"url\":\"https:\\\/\\\/balduera.lt\\\/en\\\/standard-table-colours\\\/\",\"name\":\"Standard Table Colours - Nestandartini\u0173 bald\u0173 gamyba Vilniuje | Virtuv\u0117s | Spintos\",\"isPartOf\":{\"@id\":\"https:\\\/\\\/balduera.lt\\\/en\\\/#website\"},\"datePublished\":\"2014-02-18T11:59:16+00:00\",\"breadcrumb\":{\"@id\":\"https:\\\/\\\/balduera.lt\\\/en\\\/standard-table-colours\\\/#breadcrumb\"},\"inLanguage\":\"en-US\",\"potentialAction\":[{\"@type\":\"ReadAction\",\"target\":[\"https:\\\/\\\/balduera.lt\\\/en\\\/standard-table-colours\\\/\"]}]},{\"@type\":\"BreadcrumbList\",\"@id\":\"https:\\\/\\\/balduera.lt\\\/en\\\/standard-table-colours\\\/#breadcrumb\",\"itemListElement\":[{\"@type\":\"ListItem\",\"position\":1,\"name\":\"Home\",\"item\":\"https:\\\/\\\/balduera.lt\\\/en\\\/\"},{\"@type\":\"ListItem\",\"position\":2,\"name\":\"Standard Table Colours\"}]},{\"@type\":\"WebSite\",\"@id\":\"https:\\\/\\\/balduera.lt\\\/en\\\/#website\",\"url\":\"https:\\\/\\\/balduera.lt\\\/en\\\/\",\"name\":\"Bald\u0173 Era - Nestandartini\u0173 bald\u0173 gamyba | 12 met\u0173 patirtis\",\"description\":\"Virtuv\u0117s Baldai, Spintos, Komodos pagal individual\u0173 u\u017esakym\u0105\",\"publisher\":{\"@id\":\"https:\\\/\\\/balduera.lt\\\/en\\\/#organization\"},\"potentialAction\":[{\"@type\":\"SearchAction\",\"target\":{\"@type\":\"EntryPoint\",\"urlTemplate\":\"https:\\\/\\\/balduera.lt\\\/en\\\/?s={search_term_string}\"},\"query-input\":{\"@type\":\"PropertyValueSpecification\",\"valueRequired\":true,\"valueName\":\"search_term_string\"}}],\"inLanguage\":\"en-US\"},{\"@type\":\"Organization\",\"@id\":\"https:\\\/\\\/balduera.lt\\\/en\\\/#organization\",\"name\":\"Bald\u0173 Era - Nestandartini\u0173 bald\u0173 gamyba | 12 met\u0173 patirtis\",\"url\":\"https:\\\/\\\/balduera.lt\\\/en\\\/\",\"logo\":{\"@type\":\"ImageObject\",\"inLanguage\":\"en-US\",\"@id\":\"https:\\\/\\\/balduera.lt\\\/en\\\/#\\\/schema\\\/logo\\\/image\\\/\",\"url\":\"https:\\\/\\\/new.balduera.lt\\\/wp-content\\\/uploads\\\/2024\\\/09\\\/LOGO-White1.png\",\"contentUrl\":\"https:\\\/\\\/new.balduera.lt\\\/wp-content\\\/uploads\\\/2024\\\/09\\\/LOGO-White1.png\",\"width\":936,\"height\":226,\"caption\":\"Bald\u0173 Era - Nestandartini\u0173 bald\u0173 gamyba | 12 met\u0173 patirtis\"},\"image\":{\"@id\":\"https:\\\/\\\/balduera.lt\\\/en\\\/#\\\/schema\\\/logo\\\/image\\\/\"}}]}<\/script>\n<!-- \/ Yoast SEO plugin. -->","yoast_head_json":{"title":"Standard Table Colours - Nestandartini\u0173 bald\u0173 gamyba Vilniuje | Virtuv\u0117s | Spintos","robots":{"index":"index","follow":"follow","max-snippet":"max-snippet:-1","max-image-preview":"max-image-preview:large","max-video-preview":"max-video-preview:-1"},"canonical":"https:\/\/balduera.lt\/en\/standard-table-colours\/","og_locale":"en_US","og_type":"article","og_title":"Standard Table Colours - Nestandartini\u0173 bald\u0173 gamyba Vilniuje | Virtuv\u0117s | Spintos","og_description":"We make transformer tables and other space-saving furniture and furniture for small apartments to order . Special table mechanisms unfold the table top and make a small coffee table twice as big and tall. The mechanisms are reliable and durable, and can hold up to 45 kg. [nggallery id=&#8221;43&#8243;]","og_url":"https:\/\/balduera.lt\/en\/standard-table-colours\/","og_site_name":"Nestandartini\u0173 bald\u0173 gamyba Vilniuje | Virtuv\u0117s | Spintos","twitter_card":"summary_large_image","schema":{"@context":"https:\/\/schema.org","@graph":[{"@type":"WebPage","@id":"https:\/\/balduera.lt\/en\/standard-table-colours\/","url":"https:\/\/balduera.lt\/en\/standard-table-colours\/","name":"Standard Table Colours - Nestandartini\u0173 bald\u0173 gamyba Vilniuje | Virtuv\u0117s | Spintos","isPartOf":{"@id":"https:\/\/balduera.lt\/en\/#website"},"datePublished":"2014-02-18T11:59:16+00:00","breadcrumb":{"@id":"https:\/\/balduera.lt\/en\/standard-table-colours\/#breadcrumb"},"inLanguage":"en-US","potentialAction":[{"@type":"ReadAction","target":["https:\/\/balduera.lt\/en\/standard-table-colours\/"]}]},{"@type":"BreadcrumbList","@id":"https:\/\/balduera.lt\/en\/standard-table-colours\/#breadcrumb","itemListElement":[{"@type":"ListItem","position":1,"name":"Home","item":"https:\/\/balduera.lt\/en\/"},{"@type":"ListItem","position":2,"name":"Standard Table Colours"}]},{"@type":"WebSite","@id":"https:\/\/balduera.lt\/en\/#website","url":"https:\/\/balduera.lt\/en\/","name":"Bald\u0173 Era - Nestandartini\u0173 bald\u0173 gamyba | 12 met\u0173 patirtis","description":"Virtuv\u0117s Baldai, Spintos, Komodos pagal individual\u0173 u\u017esakym\u0105","publisher":{"@id":"https:\/\/balduera.lt\/en\/#organization"},"potentialAction":[{"@type":"SearchAction","target":{"@type":"EntryPoint","urlTemplate":"https:\/\/balduera.lt\/en\/?s={search_term_string}"},"query-input":{"@type":"PropertyValueSpecification","valueRequired":true,"valueName":"search_term_string"}}],"inLanguage":"en-US"},{"@type":"Organization","@id":"https:\/\/balduera.lt\/en\/#organization","name":"Bald\u0173 Era - Nestandartini\u0173 bald\u0173 gamyba | 12 met\u0173 patirtis","url":"https:\/\/balduera.lt\/en\/","logo":{"@type":"ImageObject","inLanguage":"en-US","@id":"https:\/\/balduera.lt\/en\/#\/schema\/logo\/image\/","url":"https:\/\/new.balduera.lt\/wp-content\/uploads\/2024\/09\/LOGO-White1.png","contentUrl":"https:\/\/new.balduera.lt\/wp-content\/uploads\/2024\/09\/LOGO-White1.png","width":936,"height":226,"caption":"Bald\u0173 Era - Nestandartini\u0173 bald\u0173 gamyba | 12 met\u0173 patirtis"},"image":{"@id":"https:\/\/balduera.lt\/en\/#\/schema\/logo\/image\/"}}]}},"_links":{"self":[{"href":"https:\/\/balduera.lt\/en\/wp-json\/wp\/v2\/pages\/1378850","targetHints":{"allow":["GET"]}}],"collection":[{"href":"https:\/\/balduera.lt\/en\/wp-json\/wp\/v2\/pages"}],"about":[{"href":"https:\/\/balduera.lt\/en\/wp-json\/wp\/v2\/types\/page"}],"author":[{"embeddable":true,"href":"https:\/\/balduera.lt\/en\/wp-json\/wp\/v2\/users\/1"}],"replies":[{"embeddable":true,"href":"https:\/\/balduera.lt\/en\/wp-json\/wp\/v2\/comments?post=1378850"}],"version-history":[{"count":0,"href":"https:\/\/balduera.lt\/en\/wp-json\/wp\/v2\/pages\/1378850\/revisions"}],"wp:attachment":[{"href":"https:\/\/balduera.lt\/en\/wp-json\/wp\/v2\/media?parent=1378850"}],"curies":[{"name":"wp","href":"https:\/\/api.w.org\/{rel}","templated":true}]}}