{"id":1378907,"date":"2014-05-05T12:00:23","date_gmt":"2014-05-05T09:00:23","guid":{"rendered":"https:\/\/new.balduera.lt\/living-room-tables-transformers-2\/"},"modified":"2025-03-26T21:25:45","modified_gmt":"2025-03-26T19:25:45","slug":"living-room-tables-transformers-2","status":"publish","type":"page","link":"https:\/\/balduera.lt\/en\/living-room-tables-transformers-2\/","title":{"rendered":"Living room tables &#8211; transformers"},"content":{"rendered":"<p>[et_pb_section fb_built=&#8221;1&#8243; _builder_version=&#8221;4.26.1&#8243; _module_preset=&#8221;76f8d77c-238d-4f6d-be29-ae95db87b3b9&#8243; hover_enabled=&#8221;0&#8243; locked=&#8221;off&#8221; global_colors_info=&#8221;{}&#8221; custom_margin=&#8221;||99px||false|false&#8221; sticky_enabled=&#8221;0&#8243;][et_pb_row column_structure=&#8221;1_3,2_3&#8243; _builder_version=&#8221;4.25.1&#8243; _module_preset=&#8221;c8f06266-9cd4-480e-9986-e0a095f155cf&#8221; background_size=&#8221;initial&#8221; background_position=&#8221;top_left&#8221; background_repeat=&#8221;repeat&#8221; global_colors_info=&#8221;{}&#8221;][et_pb_column type=&#8221;1_3&#8243; _builder_version=&#8221;4.16&#8243; custom_padding=&#8221;|||&#8221; global_colors_info=&#8221;{}&#8221; custom_padding__hover=&#8221;|||&#8221;][et_pb_image src=&#8221;https:\/\/new.balduera.lt\/wp-content\/uploads\/2014\/05\/staliukai-transformeriai.jpg&#8221; title_text=&#8221;Tables&#8221; _builder_version=&#8221;4.26.1&#8243; _module_preset=&#8221;default&#8221; global_colors_info=&#8221;{}&#8221;][\/et_pb_image][\/et_pb_column][et_pb_column type=&#8221;2_3&#8243; _builder_version=&#8221;4.16&#8243; custom_padding=&#8221;|||&#8221; global_colors_info=&#8221;{}&#8221; custom_padding__hover=&#8221;|||&#8221;][et_pb_text _builder_version=&#8221;4.26.1&#8243; _module_preset=&#8221;a7a21e8a-923e-4aab-ab5a-78d9a43cd061&#8243; global_colors_info=&#8221;{}&#8221;]<\/p>\n<p><strong>We make transformer tables <\/strong>to order <strong>. <\/strong>Special table mechanisms unfold the table top and make a small coffee table<strong> twice as big and tall<\/strong>.<\/p>\n<p>The mechanisms are durable and can hold up to 45 kg. The Transformer folding table takes up little space and <strong>can be quickly transformed into a larger table<\/strong> if necessary. <\/p>\n<p><strong>The tables can be made on castors, with an extra drawer inside, in rectangular or square shapes, and in different colours<\/strong>.<\/p>\n<p>For more examples of table transformers, click here.<\/p>\n<p>[\/et_pb_text][\/et_pb_column][\/et_pb_row][\/et_pb_section]<\/p>\n","protected":false},"excerpt":{"rendered":"<p>We make transformer tables to order . Special table mechanisms unfold the table top and make a small coffee table twice as big and tall. The mechanisms are durable and can hold up to 45 kg. The Transformer folding table takes up little space and can be quickly transformed into a larger table if necessary. The tables can be made on castors, with an extra drawer inside, in rectangular or square shapes, and in different colours. For more examples of table transformers, click here.<\/p>\n","protected":false},"author":1,"featured_media":1379379,"parent":0,"menu_order":0,"comment_status":"closed","ping_status":"closed","template":"","meta":{"_et_pb_use_builder":"on","_et_pb_old_content":"","_et_gb_content_width":"","footnotes":""},"class_list":["post-1378907","page","type-page","status-publish","has-post-thumbnail","hentry"],"yoast_head":"<!-- This site is optimized with the Yoast SEO plugin v27.5 - https:\/\/yoast.com\/product\/yoast-seo-wordpress\/ -->\n<title>Living room tables - transformers - Nestandartini\u0173 bald\u0173 gamyba Vilniuje | Virtuv\u0117s | Spintos<\/title>\n<meta name=\"robots\" content=\"index, follow, max-snippet:-1, max-image-preview:large, max-video-preview:-1\" \/>\n<link rel=\"canonical\" href=\"https:\/\/balduera.lt\/en\/living-room-tables-transformers-2\/\" \/>\n<meta property=\"og:locale\" content=\"en_US\" \/>\n<meta property=\"og:type\" content=\"article\" \/>\n<meta property=\"og:title\" content=\"Living room tables - transformers - Nestandartini\u0173 bald\u0173 gamyba Vilniuje | Virtuv\u0117s | Spintos\" \/>\n<meta property=\"og:description\" content=\"We make transformer tables to order . Special table mechanisms unfold the table top and make a small coffee table twice as big and tall. The mechanisms are durable and can hold up to 45 kg. The Transformer folding table takes up little space and can be quickly transformed into a larger table if necessary. The tables can be made on castors, with an extra drawer inside, in rectangular or square shapes, and in different colours. For more examples of table transformers, click here.\" \/>\n<meta property=\"og:url\" content=\"https:\/\/balduera.lt\/en\/living-room-tables-transformers-2\/\" \/>\n<meta property=\"og:site_name\" content=\"Nestandartini\u0173 bald\u0173 gamyba Vilniuje | Virtuv\u0117s | Spintos\" \/>\n<meta property=\"article:modified_time\" content=\"2025-03-26T19:25:45+00:00\" \/>\n<meta property=\"og:image\" content=\"https:\/\/balduera.lt\/wp-content\/uploads\/2014\/05\/staliukai.jpg\" \/>\n\t<meta property=\"og:image:width\" content=\"500\" \/>\n\t<meta property=\"og:image:height\" content=\"209\" \/>\n\t<meta property=\"og:image:type\" content=\"image\/jpeg\" \/>\n<meta name=\"twitter:card\" content=\"summary_large_image\" \/>\n<meta name=\"twitter:label1\" content=\"Est. reading time\" \/>\n\t<meta name=\"twitter:data1\" content=\"1 minute\" \/>\n<script type=\"application\/ld+json\" class=\"yoast-schema-graph\">{\"@context\":\"https:\\\/\\\/schema.org\",\"@graph\":[{\"@type\":\"WebPage\",\"@id\":\"https:\\\/\\\/balduera.lt\\\/en\\\/living-room-tables-transformers-2\\\/\",\"url\":\"https:\\\/\\\/balduera.lt\\\/en\\\/living-room-tables-transformers-2\\\/\",\"name\":\"Living room tables - transformers - Nestandartini\u0173 bald\u0173 gamyba Vilniuje | Virtuv\u0117s | Spintos\",\"isPartOf\":{\"@id\":\"https:\\\/\\\/balduera.lt\\\/en\\\/#website\"},\"primaryImageOfPage\":{\"@id\":\"https:\\\/\\\/balduera.lt\\\/en\\\/living-room-tables-transformers-2\\\/#primaryimage\"},\"image\":{\"@id\":\"https:\\\/\\\/balduera.lt\\\/en\\\/living-room-tables-transformers-2\\\/#primaryimage\"},\"thumbnailUrl\":\"https:\\\/\\\/balduera.lt\\\/wp-content\\\/uploads\\\/2014\\\/05\\\/staliukai.jpg\",\"datePublished\":\"2014-05-05T09:00:23+00:00\",\"dateModified\":\"2025-03-26T19:25:45+00:00\",\"breadcrumb\":{\"@id\":\"https:\\\/\\\/balduera.lt\\\/en\\\/living-room-tables-transformers-2\\\/#breadcrumb\"},\"inLanguage\":\"en-US\",\"potentialAction\":[{\"@type\":\"ReadAction\",\"target\":[\"https:\\\/\\\/balduera.lt\\\/en\\\/living-room-tables-transformers-2\\\/\"]}]},{\"@type\":\"ImageObject\",\"inLanguage\":\"en-US\",\"@id\":\"https:\\\/\\\/balduera.lt\\\/en\\\/living-room-tables-transformers-2\\\/#primaryimage\",\"url\":\"https:\\\/\\\/balduera.lt\\\/wp-content\\\/uploads\\\/2014\\\/05\\\/staliukai.jpg\",\"contentUrl\":\"https:\\\/\\\/balduera.lt\\\/wp-content\\\/uploads\\\/2014\\\/05\\\/staliukai.jpg\",\"width\":500,\"height\":209},{\"@type\":\"BreadcrumbList\",\"@id\":\"https:\\\/\\\/balduera.lt\\\/en\\\/living-room-tables-transformers-2\\\/#breadcrumb\",\"itemListElement\":[{\"@type\":\"ListItem\",\"position\":1,\"name\":\"Home\",\"item\":\"https:\\\/\\\/balduera.lt\\\/en\\\/\"},{\"@type\":\"ListItem\",\"position\":2,\"name\":\"Living room tables &#8211; transformers\"}]},{\"@type\":\"WebSite\",\"@id\":\"https:\\\/\\\/balduera.lt\\\/en\\\/#website\",\"url\":\"https:\\\/\\\/balduera.lt\\\/en\\\/\",\"name\":\"Bald\u0173 Era - Nestandartini\u0173 bald\u0173 gamyba | 12 met\u0173 patirtis\",\"description\":\"Virtuv\u0117s Baldai, Spintos, Komodos pagal individual\u0173 u\u017esakym\u0105\",\"publisher\":{\"@id\":\"https:\\\/\\\/balduera.lt\\\/en\\\/#organization\"},\"potentialAction\":[{\"@type\":\"SearchAction\",\"target\":{\"@type\":\"EntryPoint\",\"urlTemplate\":\"https:\\\/\\\/balduera.lt\\\/en\\\/?s={search_term_string}\"},\"query-input\":{\"@type\":\"PropertyValueSpecification\",\"valueRequired\":true,\"valueName\":\"search_term_string\"}}],\"inLanguage\":\"en-US\"},{\"@type\":\"Organization\",\"@id\":\"https:\\\/\\\/balduera.lt\\\/en\\\/#organization\",\"name\":\"Bald\u0173 Era - Nestandartini\u0173 bald\u0173 gamyba | 12 met\u0173 patirtis\",\"url\":\"https:\\\/\\\/balduera.lt\\\/en\\\/\",\"logo\":{\"@type\":\"ImageObject\",\"inLanguage\":\"en-US\",\"@id\":\"https:\\\/\\\/balduera.lt\\\/en\\\/#\\\/schema\\\/logo\\\/image\\\/\",\"url\":\"https:\\\/\\\/new.balduera.lt\\\/wp-content\\\/uploads\\\/2024\\\/09\\\/LOGO-White1.png\",\"contentUrl\":\"https:\\\/\\\/new.balduera.lt\\\/wp-content\\\/uploads\\\/2024\\\/09\\\/LOGO-White1.png\",\"width\":936,\"height\":226,\"caption\":\"Bald\u0173 Era - Nestandartini\u0173 bald\u0173 gamyba | 12 met\u0173 patirtis\"},\"image\":{\"@id\":\"https:\\\/\\\/balduera.lt\\\/en\\\/#\\\/schema\\\/logo\\\/image\\\/\"}}]}<\/script>\n<!-- \/ Yoast SEO plugin. -->","yoast_head_json":{"title":"Living room tables - transformers - Nestandartini\u0173 bald\u0173 gamyba Vilniuje | Virtuv\u0117s | Spintos","robots":{"index":"index","follow":"follow","max-snippet":"max-snippet:-1","max-image-preview":"max-image-preview:large","max-video-preview":"max-video-preview:-1"},"canonical":"https:\/\/balduera.lt\/en\/living-room-tables-transformers-2\/","og_locale":"en_US","og_type":"article","og_title":"Living room tables - transformers - Nestandartini\u0173 bald\u0173 gamyba Vilniuje | Virtuv\u0117s | Spintos","og_description":"We make transformer tables to order . Special table mechanisms unfold the table top and make a small coffee table twice as big and tall. The mechanisms are durable and can hold up to 45 kg. The Transformer folding table takes up little space and can be quickly transformed into a larger table if necessary. The tables can be made on castors, with an extra drawer inside, in rectangular or square shapes, and in different colours. For more examples of table transformers, click here.","og_url":"https:\/\/balduera.lt\/en\/living-room-tables-transformers-2\/","og_site_name":"Nestandartini\u0173 bald\u0173 gamyba Vilniuje | Virtuv\u0117s | Spintos","article_modified_time":"2025-03-26T19:25:45+00:00","og_image":[{"width":500,"height":209,"url":"https:\/\/balduera.lt\/wp-content\/uploads\/2014\/05\/staliukai.jpg","type":"image\/jpeg"}],"twitter_card":"summary_large_image","twitter_misc":{"Est. reading time":"1 minute"},"schema":{"@context":"https:\/\/schema.org","@graph":[{"@type":"WebPage","@id":"https:\/\/balduera.lt\/en\/living-room-tables-transformers-2\/","url":"https:\/\/balduera.lt\/en\/living-room-tables-transformers-2\/","name":"Living room tables - transformers - Nestandartini\u0173 bald\u0173 gamyba Vilniuje | Virtuv\u0117s | Spintos","isPartOf":{"@id":"https:\/\/balduera.lt\/en\/#website"},"primaryImageOfPage":{"@id":"https:\/\/balduera.lt\/en\/living-room-tables-transformers-2\/#primaryimage"},"image":{"@id":"https:\/\/balduera.lt\/en\/living-room-tables-transformers-2\/#primaryimage"},"thumbnailUrl":"https:\/\/balduera.lt\/wp-content\/uploads\/2014\/05\/staliukai.jpg","datePublished":"2014-05-05T09:00:23+00:00","dateModified":"2025-03-26T19:25:45+00:00","breadcrumb":{"@id":"https:\/\/balduera.lt\/en\/living-room-tables-transformers-2\/#breadcrumb"},"inLanguage":"en-US","potentialAction":[{"@type":"ReadAction","target":["https:\/\/balduera.lt\/en\/living-room-tables-transformers-2\/"]}]},{"@type":"ImageObject","inLanguage":"en-US","@id":"https:\/\/balduera.lt\/en\/living-room-tables-transformers-2\/#primaryimage","url":"https:\/\/balduera.lt\/wp-content\/uploads\/2014\/05\/staliukai.jpg","contentUrl":"https:\/\/balduera.lt\/wp-content\/uploads\/2014\/05\/staliukai.jpg","width":500,"height":209},{"@type":"BreadcrumbList","@id":"https:\/\/balduera.lt\/en\/living-room-tables-transformers-2\/#breadcrumb","itemListElement":[{"@type":"ListItem","position":1,"name":"Home","item":"https:\/\/balduera.lt\/en\/"},{"@type":"ListItem","position":2,"name":"Living room tables &#8211; transformers"}]},{"@type":"WebSite","@id":"https:\/\/balduera.lt\/en\/#website","url":"https:\/\/balduera.lt\/en\/","name":"Bald\u0173 Era - Nestandartini\u0173 bald\u0173 gamyba | 12 met\u0173 patirtis","description":"Virtuv\u0117s Baldai, Spintos, Komodos pagal individual\u0173 u\u017esakym\u0105","publisher":{"@id":"https:\/\/balduera.lt\/en\/#organization"},"potentialAction":[{"@type":"SearchAction","target":{"@type":"EntryPoint","urlTemplate":"https:\/\/balduera.lt\/en\/?s={search_term_string}"},"query-input":{"@type":"PropertyValueSpecification","valueRequired":true,"valueName":"search_term_string"}}],"inLanguage":"en-US"},{"@type":"Organization","@id":"https:\/\/balduera.lt\/en\/#organization","name":"Bald\u0173 Era - Nestandartini\u0173 bald\u0173 gamyba | 12 met\u0173 patirtis","url":"https:\/\/balduera.lt\/en\/","logo":{"@type":"ImageObject","inLanguage":"en-US","@id":"https:\/\/balduera.lt\/en\/#\/schema\/logo\/image\/","url":"https:\/\/new.balduera.lt\/wp-content\/uploads\/2024\/09\/LOGO-White1.png","contentUrl":"https:\/\/new.balduera.lt\/wp-content\/uploads\/2024\/09\/LOGO-White1.png","width":936,"height":226,"caption":"Bald\u0173 Era - Nestandartini\u0173 bald\u0173 gamyba | 12 met\u0173 patirtis"},"image":{"@id":"https:\/\/balduera.lt\/en\/#\/schema\/logo\/image\/"}}]}},"_links":{"self":[{"href":"https:\/\/balduera.lt\/en\/wp-json\/wp\/v2\/pages\/1378907","targetHints":{"allow":["GET"]}}],"collection":[{"href":"https:\/\/balduera.lt\/en\/wp-json\/wp\/v2\/pages"}],"about":[{"href":"https:\/\/balduera.lt\/en\/wp-json\/wp\/v2\/types\/page"}],"author":[{"embeddable":true,"href":"https:\/\/balduera.lt\/en\/wp-json\/wp\/v2\/users\/1"}],"replies":[{"embeddable":true,"href":"https:\/\/balduera.lt\/en\/wp-json\/wp\/v2\/comments?post=1378907"}],"version-history":[{"count":3,"href":"https:\/\/balduera.lt\/en\/wp-json\/wp\/v2\/pages\/1378907\/revisions"}],"predecessor-version":[{"id":1381074,"href":"https:\/\/balduera.lt\/en\/wp-json\/wp\/v2\/pages\/1378907\/revisions\/1381074"}],"wp:featuredmedia":[{"embeddable":true,"href":"https:\/\/balduera.lt\/en\/wp-json\/wp\/v2\/media\/1379379"}],"wp:attachment":[{"href":"https:\/\/balduera.lt\/en\/wp-json\/wp\/v2\/media?parent=1378907"}],"curies":[{"name":"wp","href":"https:\/\/api.w.org\/{rel}","templated":true}]}}