{"id":1378928,"date":"2015-10-02T15:02:37","date_gmt":"2015-10-02T12:02:37","guid":{"rendered":"https:\/\/new.balduera.lt\/kitchen-furniture\/cutting-of-upholstery-panels\/"},"modified":"2025-03-26T19:11:28","modified_gmt":"2025-03-26T17:11:28","slug":"cutting-of-upholstery-panels","status":"publish","type":"page","link":"https:\/\/balduera.lt\/en\/cutting-of-upholstery-panels\/","title":{"rendered":"Cutting of upholstery panels"},"content":{"rendered":"<p>&nbsp;<\/p>\n<table border=\"0\">\n<tbody>\n<tr>\n<td>\n<p>For cabinetmakers and craftsmen, we offer the possibility to make furniture blanks in our company. <strong>We cut the furniture board to a high quality<\/strong>. We cut MDP (particle board), LMDP (laminated particle board), <a href=\"https:\/\/new.balduera.lt\/nuotraukos\/virtuves-baldai-is-dazyto-mdf\/\">MDF<\/a> (wood dust board), veneered MDF (wood dust board), plywood.   <br \/><span style=\"text-decoration: underline;\">We also cut OSB and window sills<\/span>.<\/p>\n<p>We currently offer the following services:<\/p>\n<ul>\n<li><strong>Cutting of upholstery panels <\/strong>( Kronopol, Pfleiderer, Wodego, Thermopal, Egger, Ecopal, Cleaf, Kronospan )<\/li>\n<li>Upholstered Panel Figured Cutting<\/li>\n<li>Cutting at an angle<\/li>\n<li>Cutting of worktops (Thermopal, Egger) Cutting of window sills<\/li>\n<li>Cutting window sills<\/li>\n<li>Joining two panels (thickening)<\/li>\n<li>Drilling holes for hinges<\/li>\n<li>Cutting a hole for a sink, stove  <\/li>\n<\/ul>\n<p>&nbsp;<\/p>\n<p>Approximate<strong> cost of cutting<\/strong><a href=\"https:\/\/new.balduera.lt\/nuotraukos\/kronopol-plokstes-spalvos\/\">Kronopol<\/a> laminated particle board per sq.m. is <strong>EUR 10-12<\/strong>(with cutting).   <br \/>  We can deliver the finished products to your desired location. On request, we can design a <a href=\"https:\/\/new.balduera.lt\/virtuves-baldai-2\/virtuves-baldu-gamyba\/\">custom piece of furniture<\/a>, draw up a specification of the furniture materials, cut and laminate all the necessary parts, drill the necessary holes for hinges and joints, and prepare all the necessary parts for the installation of the piece of furniture in your home. For cutting and laminating services, please contact us at info@balduera.lt or call 869927761. <strong>We cut panels in Vilnius<\/strong>.   <\/p>\n<\/td>\n<td><img loading=\"lazy\" decoding=\"async\" class=\"alignnone size-medium wp-image-2664\" title=\"Sawing of Furniture and Building Slabs in Vilnius\" src=\"https:\/\/new.balduera.lt\/wp-content\/uploads\/2015\/10\/Pjauname-Baldines-ir-Statybines-Plokstes-Vilniuje.jpg\" alt=\"\" width=\"500\" height=\"375\" srcset=\"https:\/\/new.balduera.lt\/wp-content\/uploads\/2015\/10\/Pjauname-Baldines-ir-Statybines-Plokstes-Vilniuje.jpg 500w, https:\/\/new.balduera.lt\/wp-content\/uploads\/2015\/10\/Pjauname-Baldines-ir-Statybines-Plokstes-Vilniuje-480x360.jpg 480w\" sizes=\"(min-width: 0px) and (max-width: 480px) 480px, (min-width: 481px) 500px, 100vw\" \/><\/td>\n<\/tr>\n<tr>\n<td>\n<p><strong>We laminate (cant)<\/strong> the cut parts (furniture blanks) to size <strong>with PVC, ABS or HPL edges<\/strong>. We laminate wood veneer panels with natural veneer tape. For canting, we use reliable KLEIBERIT adhesives and edging tapes from well-known manufacturers (Rehau, Hranipex, MAAG).    <br \/>The available dimensions, thicknesses and approximate price of the cant are given below.<\/p>\n<ul>\n<li>PVC 0,45mm lamination for 16mm board &#8211; 1,00 eur\/b.m<\/li>\n<li>PVC 0,45mm lamination for 18mm panel &#8211; 1,00 eur\/b.m<\/li>\n<li>PVC 0,45mm lamination for 25mm panel &#8211; 1,50 eur\/b.m<\/li>\n<li>PVC 0,80mm lamination for 18mm panel &#8211; 1,50 eur\/b.m<\/li>\n<li>PVC 2.00mm lamination for 18mm panel &#8211; 2,00 eur\/b.m<\/li>\n<li>PVC 2.00mm lamination for 25mm panel &#8211; 2,50 eur\/b.m<\/li>\n<li>PVC 2,00mm lamination for 36mm panel &#8211; 3,00 eur\/b.m<\/li>\n<li>PVC 2,00mm lamination &#8211; crevaline &#8211; 5,00 eur\/b.m<\/li>\n<\/ul>\n<p>&nbsp;<\/p>\n<p><strong>We can pack and ship the laminated parts to other cities<\/strong>. You can therefore order canting services throughout Lithuania. <\/p>\n<\/td>\n<td><img loading=\"lazy\" decoding=\"async\" class=\"alignnone size-medium wp-image-2665\" title=\"Lamination of upholstery panels with a laminating machine in Vilnius\" src=\"https:\/\/new.balduera.lt\/wp-content\/uploads\/2015\/10\/Baldines-plokstes-laminavimas-Kantavimo-staklemis-Vilniuje.jpg\" alt=\"\" width=\"500\" height=\"375\" srcset=\"https:\/\/new.balduera.lt\/wp-content\/uploads\/2015\/10\/Baldines-plokstes-laminavimas-Kantavimo-staklemis-Vilniuje.jpg 500w, https:\/\/new.balduera.lt\/wp-content\/uploads\/2015\/10\/Baldines-plokstes-laminavimas-Kantavimo-staklemis-Vilniuje-480x360.jpg 480w\" sizes=\"(min-width: 0px) and (max-width: 480px) 480px, (min-width: 481px) 500px, 100vw\" \/><\/td>\n<\/tr>\n<\/tbody>\n<\/table>\n<p><span style=\"color: #ff0000;\"><strong>You can order a panel cut using the form below, please fill it in and send it to us at gamyba@balduera.lt <\/strong><\/span><\/p>\n<p><span style=\"color: #ff0000;\"><strong>&gt;&gt;&gt;&gt;&gt;&gt;&gt;&gt;&gt;&gt;&gt;&gt;&gt;&gt;&gt;&gt;&gt;&gt;<\/strong><\/span><span style=\"color: #888888;\"><strong> <\/strong><strong><a href=\"https:\/\/new.balduera.lt\/wp-content\/uploads\/2015\/10\/PJOVIMO-UZSAKYMO-LENTELE5.xls\">CUTTING-ORDER-BOARD<\/a><\/strong><\/span><span style=\"color: #000000;\"><strong> <\/strong><\/span><span style=\"color: #ff0000;\"><strong><strong>&lt;&lt;&lt;&lt;&lt;&lt;&lt;&lt;&lt;&lt;&lt;&lt;&lt;&lt;&lt;&lt;&lt;&lt;&lt;&lt;&lt;&lt;&lt;<\/strong><\/strong><\/span><\/p>\n<p><span style=\"color: #ff0000;\"><strong><strong><span style=\"color: #000000;\"><strong><strong>Choice of Panel Colours (<a title=\"Colours of the crown plate\" href=\"https:\/\/new.balduera.lt\/nuotraukos\/kronopol-plokstes-spalvos\/\" target=\"_blank\" rel=\"noopener\"><span style=\"color: #ff0000;\">click on the link<\/span><\/a>)<\/strong><\/strong><\/span><\/strong><\/strong><\/span><\/p>\n<p><span style=\"color: #000000;\"><strong><span style=\"text-decoration: underline;\">Orders for cutting, re-cutting and tapering are accepted<\/span>: I-IV &#8211; 7.00-15.00, V-7.00-14.00<\/strong><\/span><\/p>\n","protected":false},"excerpt":{"rendered":"<p>&nbsp; For cabinetmakers and craftsmen, we offer the possibility to make furniture blanks in our company. We cut the furniture board to a high quality. We cut MDP (particle board), LMDP (laminated particle board), MDF (wood dust board), veneered MDF (wood dust board), plywood. We also cut OSB and window sills. We currently offer the [&hellip;]<\/p>\n","protected":false},"author":1,"featured_media":0,"parent":0,"menu_order":5,"comment_status":"closed","ping_status":"closed","template":"","meta":{"_et_pb_use_builder":"","_et_pb_old_content":"<p>\u00a0<\/p>\r\n<table border=\"0\">\r\n<tbody>\r\n<tr>\r\n<td>\r\n<p>Baldininkams ir meistraujantiems si\u016blome pasigaminti bald\u0173 ruo\u0161inius m\u016bs\u0173 \u012fmon\u0117je. <strong>Kokybi\u0161kai supjauname baldin\u0119 plok\u0161t\u0119<\/strong>. Pjauname MDP (med\u017eio dro\u017eli\u0173 plok\u0161t\u0117), LMDP (laminuota med\u017eio dro\u017eli\u0173 plok\u0161t\u0117), <a href=\"https:\/\/new.balduera.lt\/nuotraukos\/virtuves-baldai-is-dazyto-mdf\/\">MDF<\/a> (med\u017eio dulki\u0173 plok\u0161t\u0117), faneruot\u0105 MDF (med\u017eio dulki\u0173 plok\u0161t\u0117), faner\u0105. <br \/><span style=\"text-decoration: underline;\">Taip pat pjauname statybines OSB plok\u0161tes bei palanges<\/span>.<\/p>\r\n<p>\u0160iuo metu si\u016blome \u0161ias paslaugas:<\/p>\r\n<ul>\r\n<li><strong>Baldin\u0117s plok\u0161t\u0117s pjovimas <\/strong>( Kronopol, Pfleiderer, Wodego, Thermopal, Egger, Ecopal, Cleaf, Kronospan )<\/li>\r\n<li>Baldin\u0117s Plok\u0161t\u0117s fig\u016brinis pjovimas<\/li>\r\n<li>Pjovimas kampu<\/li>\r\n<li>Stalvir\u0161i\u0173 pjovimas (Thermopal, Egger) Palangi\u0173 pjovimas<\/li>\r\n<li>Palangi\u0173 pjovimas<\/li>\r\n<li>Dviej\u0173 plok\u0161\u010di\u0173 sujungimas (storinimas)<\/li>\r\n<li>Skyli\u0173 lankstams gr\u0119\u017eimas<\/li>\r\n<li>Skyl\u0117s kriauklei, viryklei i\u0161pjovimas <\/li>\r\n<\/ul>\r\n<p>\u00a0<\/p>\r\n<p>Orientacin\u0117<strong> plok\u0161t\u0117s pjovimo kaina<\/strong>: \"<a href=\"https:\/\/new.balduera.lt\/nuotraukos\/kronopol-plokstes-spalvos\/\">Kronopol<\/a>\" laminuotos med\u017eio dro\u017eli\u0173 plok\u0161t\u0117s kv.m., kaina yra\u00a0<strong>10-12 eur<\/strong>. (su supjovimu). <br \/> Paruo\u0161tus gaminius galime pristatyti \u012f J\u016bs\u0173 pageidaujam\u0105 viet\u0105.  Pagal pageidavim\u0105 galime suprojektuoti <a href=\"https:\/\/new.balduera.lt\/virtuves-baldai-2\/virtuves-baldu-gamyba\/\">nestandartin\u012f bald\u0105<\/a>, sudaryti baldo med\u017eiag\u0173 specifikacij\u0105, i\u0161pjauti ir u\u017elaminuoti visas reikiamas detales, i\u0161gr\u0119\u017eti reikiamas kiaurymes lankstams, sujungimams ir paruo\u0161ti visas reikiamas detales baldo sumontavimui J\u016bs\u0173 namuose.  D\u0117l baldini\u0173 detali\u0173 pjovimo ir laminavimo paslaug\u0173 pra\u0161ome kreiptis el. pa\u0161tu: info@balduera.lt arba skambinti tel: 869927761. <strong>Plok\u0161tes pjauname Vilniuje<\/strong>.<\/p>\r\n<\/td>\r\n<td><img class=\"alignnone size-medium wp-image-2664\" title=\"Pjauname Baldines ir Statybines Plokstes Vilniuje\" src=\"https:\/\/new.balduera.lt\/wp-content\/uploads\/2015\/10\/Pjauname-Baldines-ir-Statybines-Plokstes-Vilniuje.jpg\" alt=\"\" width=\"500\" height=\"375\" \/><\/td>\r\n<\/tr>\r\n<tr>\r\n<td>\r\n<p>Pagal i\u0161matavimus supjautas detales (bald\u0173 ruo\u0161inius)\u00a0<strong>laminuojame (kantuojame) PVC, ABS arba HPL briaunomis<\/strong>. Med\u017eio luk\u0161tu dengtas plok\u0161tes laminuojame nat\u016bralaus luk\u0161to juosta. Kantavimui naudojami patikimi KLEIBERIT klijai bei \u017einom\u0173 gamintoj\u0173 (Rehau, Hranipex, MAAG)\u00a0briaunavimo juostos. <br \/>Galimi kanto i\u0161matavimai,\u00a0j\u0173 storiai ir apytiksli kaina\u00a0yra pateikti \u017eemiau.<\/p>\r\n<ul>\r\n<li>PVC 0,45mm storio laminavimas 16mm plok\u0161tei - 1,00 eur\/b.m<\/li>\r\n<li>PVC 0,45mm storio laminavimas 18mm plok\u0161tei - 1,00 eur\/b.m<\/li>\r\n<li>PVC 0,45mm storio laminavimas 25mm plok\u0161tei - 1,50 eur\/b.m<\/li>\r\n<li>PVC 0,80mm storio laminavimas 18mm plok\u0161tei - 1,50 eur\/b.m<\/li>\r\n<li>PVC 2,00mm storio laminavimas 18mm plok\u0161tei - 2,00 eur\/b.m<\/li>\r\n<li>PVC 2,00mm storio laminavimas 25mm plok\u0161tei - 2,50 eur\/b.m<\/li>\r\n<li>PVC 2,00mm storio laminavimas 36mm plok\u0161tei - 3,00 eur\/b.m<\/li>\r\n<li>PVC 2,00mm storio laminavimas - kreivalinijinis - 5,00 eur\/b.m<\/li>\r\n<\/ul>\r\n<p>\u00a0<\/p>\r\n<p><strong>U\u017elaminuotas detales galime supakuoti ir i\u0161si\u0173sti \u012f kitus miestus<\/strong>. Tod\u0117l kantavimo paslaug\u0105 galite u\u017esakyti visoje Lietuvoje.<\/p>\r\n<\/td>\r\n<td><img class=\"alignnone size-medium wp-image-2665\" title=\"Baldines plokstes laminavimas Kantavimo staklemis Vilniuje\" src=\"https:\/\/new.balduera.lt\/wp-content\/uploads\/2015\/10\/Baldines-plokstes-laminavimas-Kantavimo-staklemis-Vilniuje.jpg\" alt=\"\" width=\"500\" height=\"375\" \/><\/td>\r\n<\/tr>\r\n<\/tbody>\r\n<\/table>\r\n<p><span style=\"color: #ff0000;\"><strong>U\u017esakyti plok\u0161t\u0117s pjovim\u0105 galite naudodami form\u0105 apa\u010dioje, pra\u0161ome j\u0105 u\u017epildyti ir persi\u0173sti mums el. pa\u0161tu\u00a0 gamyba@balduera.lt<\/strong><\/span><\/p>\r\n<p><span style=\"color: #ff0000;\"><strong>>>>>>>>>>>>>>>>>>><\/strong><\/span><span style=\"color: #888888;\"><strong> <\/strong><strong><a href=\"https:\/\/new.balduera.lt\/wp-content\/uploads\/2015\/10\/PJOVIMO-UZSAKYMO-LENTELE5.xls\">PJOVIMO-UZSAKYMO-LENTELE<\/a><\/strong><\/span><span style=\"color: #000000;\"><strong> <\/strong><\/span><span style=\"color: #ff0000;\"><strong><strong><<<<<<<<<<<<<<<<<<<<<<<<\/strong><\/strong><\/span><\/p>\r\n<p><span style=\"color: #ff0000;\"><strong><strong><span style=\"color: #000000;\"><strong><strong>Plok\u0161t\u0117s Spalv\u0173 pasirinkimas (<a title=\"Krono Plokstes Spalvos\" href=\"https:\/\/new.balduera.lt\/nuotraukos\/kronopol-plokstes-spalvos\/\" target=\"_blank\" rel=\"noopener\"><span style=\"color: #ff0000;\">spauskite nuorod\u0105<\/span><\/a>)<\/strong><\/strong><\/span><\/strong><\/strong><\/span><\/p>\r\n<p><span style=\"color: #000000;\"><strong><span style=\"text-decoration: underline;\">U\u017esakymai plok\u0161t\u0117s pjovimui, perpjovimui, siaurinimui priimami<\/span>: I-IV - 7.00-15.00, V-7.00-14.00<\/strong><\/span><\/p>","_et_gb_content_width":"","footnotes":""},"class_list":["post-1378928","page","type-page","status-publish","hentry"],"yoast_head":"<!-- This site is optimized with the Yoast SEO plugin v27.3 - https:\/\/yoast.com\/product\/yoast-seo-wordpress\/ -->\n<title>Cutting of upholstery panels - Nestandartini\u0173 bald\u0173 gamyba Vilniuje | Virtuv\u0117s | Spintos<\/title>\n<meta name=\"robots\" content=\"index, follow, max-snippet:-1, max-image-preview:large, max-video-preview:-1\" \/>\n<link rel=\"canonical\" href=\"https:\/\/balduera.lt\/en\/cutting-of-upholstery-panels\/\" \/>\n<meta property=\"og:locale\" content=\"en_US\" \/>\n<meta property=\"og:type\" content=\"article\" \/>\n<meta property=\"og:title\" content=\"Cutting of upholstery panels - Nestandartini\u0173 bald\u0173 gamyba Vilniuje | Virtuv\u0117s | Spintos\" \/>\n<meta property=\"og:description\" content=\"&nbsp; For cabinetmakers and craftsmen, we offer the possibility to make furniture blanks in our company. We cut the furniture board to a high quality. We cut MDP (particle board), LMDP (laminated particle board), MDF (wood dust board), veneered MDF (wood dust board), plywood. We also cut OSB and window sills. We currently offer the [&hellip;]\" \/>\n<meta property=\"og:url\" content=\"https:\/\/balduera.lt\/en\/cutting-of-upholstery-panels\/\" \/>\n<meta property=\"og:site_name\" content=\"Nestandartini\u0173 bald\u0173 gamyba Vilniuje | Virtuv\u0117s | Spintos\" \/>\n<meta property=\"article:modified_time\" content=\"2025-03-26T17:11:28+00:00\" \/>\n<meta property=\"og:image\" content=\"https:\/\/new.balduera.lt\/wp-content\/uploads\/2015\/10\/Pjauname-Baldines-ir-Statybines-Plokstes-Vilniuje.jpg\" \/>\n<meta name=\"twitter:card\" content=\"summary_large_image\" \/>\n<meta name=\"twitter:label1\" content=\"Est. reading time\" \/>\n\t<meta name=\"twitter:data1\" content=\"2 minutes\" \/>\n<script type=\"application\/ld+json\" class=\"yoast-schema-graph\">{\"@context\":\"https:\\\/\\\/schema.org\",\"@graph\":[{\"@type\":\"WebPage\",\"@id\":\"https:\\\/\\\/balduera.lt\\\/en\\\/cutting-of-upholstery-panels\\\/\",\"url\":\"https:\\\/\\\/balduera.lt\\\/en\\\/cutting-of-upholstery-panels\\\/\",\"name\":\"Cutting of upholstery panels - Nestandartini\u0173 bald\u0173 gamyba Vilniuje | Virtuv\u0117s | Spintos\",\"isPartOf\":{\"@id\":\"https:\\\/\\\/balduera.lt\\\/en\\\/#website\"},\"primaryImageOfPage\":{\"@id\":\"https:\\\/\\\/balduera.lt\\\/en\\\/cutting-of-upholstery-panels\\\/#primaryimage\"},\"image\":{\"@id\":\"https:\\\/\\\/balduera.lt\\\/en\\\/cutting-of-upholstery-panels\\\/#primaryimage\"},\"thumbnailUrl\":\"https:\\\/\\\/new.balduera.lt\\\/wp-content\\\/uploads\\\/2015\\\/10\\\/Pjauname-Baldines-ir-Statybines-Plokstes-Vilniuje.jpg\",\"datePublished\":\"2015-10-02T12:02:37+00:00\",\"dateModified\":\"2025-03-26T17:11:28+00:00\",\"breadcrumb\":{\"@id\":\"https:\\\/\\\/balduera.lt\\\/en\\\/cutting-of-upholstery-panels\\\/#breadcrumb\"},\"inLanguage\":\"en-US\",\"potentialAction\":[{\"@type\":\"ReadAction\",\"target\":[\"https:\\\/\\\/balduera.lt\\\/en\\\/cutting-of-upholstery-panels\\\/\"]}]},{\"@type\":\"ImageObject\",\"inLanguage\":\"en-US\",\"@id\":\"https:\\\/\\\/balduera.lt\\\/en\\\/cutting-of-upholstery-panels\\\/#primaryimage\",\"url\":\"https:\\\/\\\/new.balduera.lt\\\/wp-content\\\/uploads\\\/2015\\\/10\\\/Pjauname-Baldines-ir-Statybines-Plokstes-Vilniuje.jpg\",\"contentUrl\":\"https:\\\/\\\/new.balduera.lt\\\/wp-content\\\/uploads\\\/2015\\\/10\\\/Pjauname-Baldines-ir-Statybines-Plokstes-Vilniuje.jpg\"},{\"@type\":\"BreadcrumbList\",\"@id\":\"https:\\\/\\\/balduera.lt\\\/en\\\/cutting-of-upholstery-panels\\\/#breadcrumb\",\"itemListElement\":[{\"@type\":\"ListItem\",\"position\":1,\"name\":\"Home\",\"item\":\"https:\\\/\\\/balduera.lt\\\/en\\\/\"},{\"@type\":\"ListItem\",\"position\":2,\"name\":\"Cutting of upholstery panels\"}]},{\"@type\":\"WebSite\",\"@id\":\"https:\\\/\\\/balduera.lt\\\/en\\\/#website\",\"url\":\"https:\\\/\\\/balduera.lt\\\/en\\\/\",\"name\":\"Bald\u0173 Era - Nestandartini\u0173 bald\u0173 gamyba | 12 met\u0173 patirtis\",\"description\":\"Virtuv\u0117s Baldai, Spintos, Komodos pagal individual\u0173 u\u017esakym\u0105\",\"publisher\":{\"@id\":\"https:\\\/\\\/balduera.lt\\\/en\\\/#organization\"},\"potentialAction\":[{\"@type\":\"SearchAction\",\"target\":{\"@type\":\"EntryPoint\",\"urlTemplate\":\"https:\\\/\\\/balduera.lt\\\/en\\\/?s={search_term_string}\"},\"query-input\":{\"@type\":\"PropertyValueSpecification\",\"valueRequired\":true,\"valueName\":\"search_term_string\"}}],\"inLanguage\":\"en-US\"},{\"@type\":\"Organization\",\"@id\":\"https:\\\/\\\/balduera.lt\\\/en\\\/#organization\",\"name\":\"Bald\u0173 Era - Nestandartini\u0173 bald\u0173 gamyba | 12 met\u0173 patirtis\",\"url\":\"https:\\\/\\\/balduera.lt\\\/en\\\/\",\"logo\":{\"@type\":\"ImageObject\",\"inLanguage\":\"en-US\",\"@id\":\"https:\\\/\\\/balduera.lt\\\/en\\\/#\\\/schema\\\/logo\\\/image\\\/\",\"url\":\"https:\\\/\\\/new.balduera.lt\\\/wp-content\\\/uploads\\\/2024\\\/09\\\/LOGO-White1.png\",\"contentUrl\":\"https:\\\/\\\/new.balduera.lt\\\/wp-content\\\/uploads\\\/2024\\\/09\\\/LOGO-White1.png\",\"width\":936,\"height\":226,\"caption\":\"Bald\u0173 Era - Nestandartini\u0173 bald\u0173 gamyba | 12 met\u0173 patirtis\"},\"image\":{\"@id\":\"https:\\\/\\\/balduera.lt\\\/en\\\/#\\\/schema\\\/logo\\\/image\\\/\"}}]}<\/script>\n<!-- \/ Yoast SEO plugin. -->","yoast_head_json":{"title":"Cutting of upholstery panels - Nestandartini\u0173 bald\u0173 gamyba Vilniuje | Virtuv\u0117s | Spintos","robots":{"index":"index","follow":"follow","max-snippet":"max-snippet:-1","max-image-preview":"max-image-preview:large","max-video-preview":"max-video-preview:-1"},"canonical":"https:\/\/balduera.lt\/en\/cutting-of-upholstery-panels\/","og_locale":"en_US","og_type":"article","og_title":"Cutting of upholstery panels - Nestandartini\u0173 bald\u0173 gamyba Vilniuje | Virtuv\u0117s | Spintos","og_description":"&nbsp; For cabinetmakers and craftsmen, we offer the possibility to make furniture blanks in our company. We cut the furniture board to a high quality. We cut MDP (particle board), LMDP (laminated particle board), MDF (wood dust board), veneered MDF (wood dust board), plywood. We also cut OSB and window sills. We currently offer the [&hellip;]","og_url":"https:\/\/balduera.lt\/en\/cutting-of-upholstery-panels\/","og_site_name":"Nestandartini\u0173 bald\u0173 gamyba Vilniuje | Virtuv\u0117s | Spintos","article_modified_time":"2025-03-26T17:11:28+00:00","og_image":[{"url":"https:\/\/new.balduera.lt\/wp-content\/uploads\/2015\/10\/Pjauname-Baldines-ir-Statybines-Plokstes-Vilniuje.jpg","type":"","width":"","height":""}],"twitter_card":"summary_large_image","twitter_misc":{"Est. reading time":"2 minutes"},"schema":{"@context":"https:\/\/schema.org","@graph":[{"@type":"WebPage","@id":"https:\/\/balduera.lt\/en\/cutting-of-upholstery-panels\/","url":"https:\/\/balduera.lt\/en\/cutting-of-upholstery-panels\/","name":"Cutting of upholstery panels - Nestandartini\u0173 bald\u0173 gamyba Vilniuje | Virtuv\u0117s | Spintos","isPartOf":{"@id":"https:\/\/balduera.lt\/en\/#website"},"primaryImageOfPage":{"@id":"https:\/\/balduera.lt\/en\/cutting-of-upholstery-panels\/#primaryimage"},"image":{"@id":"https:\/\/balduera.lt\/en\/cutting-of-upholstery-panels\/#primaryimage"},"thumbnailUrl":"https:\/\/new.balduera.lt\/wp-content\/uploads\/2015\/10\/Pjauname-Baldines-ir-Statybines-Plokstes-Vilniuje.jpg","datePublished":"2015-10-02T12:02:37+00:00","dateModified":"2025-03-26T17:11:28+00:00","breadcrumb":{"@id":"https:\/\/balduera.lt\/en\/cutting-of-upholstery-panels\/#breadcrumb"},"inLanguage":"en-US","potentialAction":[{"@type":"ReadAction","target":["https:\/\/balduera.lt\/en\/cutting-of-upholstery-panels\/"]}]},{"@type":"ImageObject","inLanguage":"en-US","@id":"https:\/\/balduera.lt\/en\/cutting-of-upholstery-panels\/#primaryimage","url":"https:\/\/new.balduera.lt\/wp-content\/uploads\/2015\/10\/Pjauname-Baldines-ir-Statybines-Plokstes-Vilniuje.jpg","contentUrl":"https:\/\/new.balduera.lt\/wp-content\/uploads\/2015\/10\/Pjauname-Baldines-ir-Statybines-Plokstes-Vilniuje.jpg"},{"@type":"BreadcrumbList","@id":"https:\/\/balduera.lt\/en\/cutting-of-upholstery-panels\/#breadcrumb","itemListElement":[{"@type":"ListItem","position":1,"name":"Home","item":"https:\/\/balduera.lt\/en\/"},{"@type":"ListItem","position":2,"name":"Cutting of upholstery panels"}]},{"@type":"WebSite","@id":"https:\/\/balduera.lt\/en\/#website","url":"https:\/\/balduera.lt\/en\/","name":"Bald\u0173 Era - Nestandartini\u0173 bald\u0173 gamyba | 12 met\u0173 patirtis","description":"Virtuv\u0117s Baldai, Spintos, Komodos pagal individual\u0173 u\u017esakym\u0105","publisher":{"@id":"https:\/\/balduera.lt\/en\/#organization"},"potentialAction":[{"@type":"SearchAction","target":{"@type":"EntryPoint","urlTemplate":"https:\/\/balduera.lt\/en\/?s={search_term_string}"},"query-input":{"@type":"PropertyValueSpecification","valueRequired":true,"valueName":"search_term_string"}}],"inLanguage":"en-US"},{"@type":"Organization","@id":"https:\/\/balduera.lt\/en\/#organization","name":"Bald\u0173 Era - Nestandartini\u0173 bald\u0173 gamyba | 12 met\u0173 patirtis","url":"https:\/\/balduera.lt\/en\/","logo":{"@type":"ImageObject","inLanguage":"en-US","@id":"https:\/\/balduera.lt\/en\/#\/schema\/logo\/image\/","url":"https:\/\/new.balduera.lt\/wp-content\/uploads\/2024\/09\/LOGO-White1.png","contentUrl":"https:\/\/new.balduera.lt\/wp-content\/uploads\/2024\/09\/LOGO-White1.png","width":936,"height":226,"caption":"Bald\u0173 Era - Nestandartini\u0173 bald\u0173 gamyba | 12 met\u0173 patirtis"},"image":{"@id":"https:\/\/balduera.lt\/en\/#\/schema\/logo\/image\/"}}]}},"_links":{"self":[{"href":"https:\/\/balduera.lt\/en\/wp-json\/wp\/v2\/pages\/1378928","targetHints":{"allow":["GET"]}}],"collection":[{"href":"https:\/\/balduera.lt\/en\/wp-json\/wp\/v2\/pages"}],"about":[{"href":"https:\/\/balduera.lt\/en\/wp-json\/wp\/v2\/types\/page"}],"author":[{"embeddable":true,"href":"https:\/\/balduera.lt\/en\/wp-json\/wp\/v2\/users\/1"}],"replies":[{"embeddable":true,"href":"https:\/\/balduera.lt\/en\/wp-json\/wp\/v2\/comments?post=1378928"}],"version-history":[{"count":1,"href":"https:\/\/balduera.lt\/en\/wp-json\/wp\/v2\/pages\/1378928\/revisions"}],"predecessor-version":[{"id":1381055,"href":"https:\/\/balduera.lt\/en\/wp-json\/wp\/v2\/pages\/1378928\/revisions\/1381055"}],"wp:attachment":[{"href":"https:\/\/balduera.lt\/en\/wp-json\/wp\/v2\/media?parent=1378928"}],"curies":[{"name":"wp","href":"https:\/\/api.w.org\/{rel}","templated":true}]}}